{"id":30271,"date":"2025-12-16T21:13:55","date_gmt":"2025-12-17T01:13:55","guid":{"rendered":"https:\/\/www.multicasa.com.br\/inicio\/produto\/assento-rig-oval-s-clo-smart-bc-tig\/"},"modified":"2025-12-17T13:11:55","modified_gmt":"2025-12-17T17:11:55","slug":"assento-rig-oval-s-clo-smart-bc-tig","status":"publish","type":"product","link":"https:\/\/www.multicasa.com.br\/inicio\/produto\/assento-rig-oval-s-clo-smart-bc-tig\/","title":{"rendered":"ASSENTO RIG.OVAL S.CLO.SMART BC TIG"},"content":{"rendered":"<p>Assento Sanit\u00e1rio R\u00edgido Oval Soft Close Smart Branco Tigre<\/p>\n","protected":false},"excerpt":{"rendered":"<h4 style=\"margin: 0px;padding: 0px 0px 16px;font-family: Lato, sans-serif;font-weight: bold;line-height: 3rem;color: var(--dark-grey3);font-size: 22px;font-style: normal;letter-spacing: normal;text-align: start;text-indent: 0px;text-transform: none\">Informa\u00e7\u00f5es t\u00e9cnicas<\/h4>\n<p><span style=\"margin: 0px;padding: 0px;font-weight: 450;font-size: 14px;line-height: 21px;color: var(--dark-grey2);font-family: Lato, sans-serif;font-style: normal;letter-spacing: normal;text-align: start;text-indent: 0px;text-transform: none\">Material: Resina Termofixa (R\u00edgido). Formato: Oval. Tecnologia: Soft Close (Fechamento Suave). Cor: Branco (BC). Modelo: Smart. Marca: Tigre.<\/span><\/p>\n","protected":false},"featured_media":0,"template":"","meta":{"_joinchat":[]},"product_brand":[],"product_cat":[70],"product_tag":[],"class_list":{"0":"post-30271","1":"product","2":"type-product","3":"status-publish","5":"product_cat-assentos-e-cia","7":"first","8":"outofstock","9":"shipping-taxable","10":"purchasable","11":"product-type-simple"},"_links":{"self":[{"href":"https:\/\/www.multicasa.com.br\/inicio\/wp-json\/wp\/v2\/product\/30271","targetHints":{"allow":["GET"]}}],"collection":[{"href":"https:\/\/www.multicasa.com.br\/inicio\/wp-json\/wp\/v2\/product"}],"about":[{"href":"https:\/\/www.multicasa.com.br\/inicio\/wp-json\/wp\/v2\/types\/product"}],"wp:attachment":[{"href":"https:\/\/www.multicasa.com.br\/inicio\/wp-json\/wp\/v2\/media?parent=30271"}],"wp:term":[{"taxonomy":"product_brand","embeddable":true,"href":"https:\/\/www.multicasa.com.br\/inicio\/wp-json\/wp\/v2\/product_brand?post=30271"},{"taxonomy":"product_cat","embeddable":true,"href":"https:\/\/www.multicasa.com.br\/inicio\/wp-json\/wp\/v2\/product_cat?post=30271"},{"taxonomy":"product_tag","embeddable":true,"href":"https:\/\/www.multicasa.com.br\/inicio\/wp-json\/wp\/v2\/product_tag?post=30271"}],"curies":[{"name":"wp","href":"https:\/\/api.w.org\/{rel}","templated":true}]}}