{"id":30323,"date":"2025-12-16T21:18:02","date_gmt":"2025-12-17T01:18:02","guid":{"rendered":"https:\/\/www.multicasa.com.br\/inicio\/produto\/lona-polipr-4m-x-4m-lj-vonder\/"},"modified":"2026-04-27T09:00:18","modified_gmt":"2026-04-27T13:00:18","slug":"lona-polipr-4m-x-4m-lj-vonder","status":"publish","type":"product","link":"https:\/\/www.multicasa.com.br\/inicio\/produto\/lona-polipr-4m-x-4m-lj-vonder\/","title":{"rendered":"LONA POLIPR.4M X 4M LJ VONDER"},"content":{"rendered":"<p>Lona Polipr.4M X 4M Lj<\/p>\n","protected":false},"excerpt":{"rendered":"<h4 style=\"margin: 0px;padding: 0px 0px 16px;font-family: Lato, sans-serif;font-weight: bold;line-height: 3rem;color: var(--dark-grey3);font-size: 22px;font-style: normal;letter-spacing: normal;text-align: start;text-indent: 0px;text-transform: none\">Informa\u00e7\u00f5es t\u00e9cnicas<\/h4>\n<p><span style=\"margin: 0px;padding: 0px;font-weight: 450;font-size: 14px;line-height: 21px;color: var(--dark-grey2);font-family: Lato, sans-serif;font-style: normal;letter-spacing: normal;text-align: start;text-indent: 0px;text-transform: none\">Lona pl\u00e1stica imperme\u00e1vel, dimens\u00f5es conforme descri\u00e7\u00e3o, indicada para coberturas e prote\u00e7\u00e3o de \u00e1reas.<\/span><\/p>\n","protected":false},"featured_media":0,"template":"","meta":{"_joinchat":[]},"product_brand":[],"product_cat":[142],"product_tag":[],"class_list":{"0":"post-30323","1":"product","2":"type-product","3":"status-publish","5":"product_cat-utilidades-para-automoveis","7":"first","8":"instock","9":"shipping-taxable","10":"purchasable","11":"product-type-simple"},"_links":{"self":[{"href":"https:\/\/www.multicasa.com.br\/inicio\/wp-json\/wp\/v2\/product\/30323","targetHints":{"allow":["GET"]}}],"collection":[{"href":"https:\/\/www.multicasa.com.br\/inicio\/wp-json\/wp\/v2\/product"}],"about":[{"href":"https:\/\/www.multicasa.com.br\/inicio\/wp-json\/wp\/v2\/types\/product"}],"wp:attachment":[{"href":"https:\/\/www.multicasa.com.br\/inicio\/wp-json\/wp\/v2\/media?parent=30323"}],"wp:term":[{"taxonomy":"product_brand","embeddable":true,"href":"https:\/\/www.multicasa.com.br\/inicio\/wp-json\/wp\/v2\/product_brand?post=30323"},{"taxonomy":"product_cat","embeddable":true,"href":"https:\/\/www.multicasa.com.br\/inicio\/wp-json\/wp\/v2\/product_cat?post=30323"},{"taxonomy":"product_tag","embeddable":true,"href":"https:\/\/www.multicasa.com.br\/inicio\/wp-json\/wp\/v2\/product_tag?post=30323"}],"curies":[{"name":"wp","href":"https:\/\/api.w.org\/{rel}","templated":true}]}}