{"id":30451,"date":"2025-12-16T21:28:01","date_gmt":"2025-12-17T01:28:01","guid":{"rendered":"https:\/\/www.multicasa.com.br\/inicio\/produto\/massa-corrida-pva-lata-25kg-futura\/"},"modified":"2025-12-17T13:27:04","modified_gmt":"2025-12-17T17:27:04","slug":"massa-corrida-pva-lata-25kg-futura","status":"publish","type":"product","link":"https:\/\/www.multicasa.com.br\/inicio\/produto\/massa-corrida-pva-lata-25kg-futura\/","title":{"rendered":"MASSA CORRIDA PVA LATA 25KG FUTURA"},"content":{"rendered":"<p>Massa Corrida PVA Lata 25KG Futura<\/p>\n","protected":false},"excerpt":{"rendered":"<h4 style=\"margin: 0px;padding: 0px 0px 16px;font-family: Lato, sans-serif;font-weight: bold;line-height: 3rem;color: var(--dark-grey3);font-size: 22px;font-style: normal;letter-spacing: normal;text-align: start;text-indent: 0px;text-transform: none\">Informa\u00e7\u00f5es t\u00e9cnicas<\/h4>\n<p><span style=\"margin: 0px;padding: 0px;font-weight: 450;font-size: 14px;line-height: 21px;color: var(--dark-grey2);font-family: Lato, sans-serif;font-style: normal;letter-spacing: normal;text-align: start;text-indent: 0px;text-transform: none\">Tipo: Massa Corrida (PVA). Peso: 25 KG. Uso: Nivelamento e alisamento de superf\u00edcies internas (n\u00e3o lav\u00e1vel). Marca: Futura.<\/span><\/p>\n","protected":false},"featured_media":0,"template":"","meta":{"_joinchat":[]},"product_brand":[],"product_cat":[143],"product_tag":[],"class_list":{"0":"post-30451","1":"product","2":"type-product","3":"status-publish","5":"product_cat-tintas-e-cia","7":"first","8":"outofstock","9":"shipping-taxable","10":"purchasable","11":"product-type-simple"},"_links":{"self":[{"href":"https:\/\/www.multicasa.com.br\/inicio\/wp-json\/wp\/v2\/product\/30451","targetHints":{"allow":["GET"]}}],"collection":[{"href":"https:\/\/www.multicasa.com.br\/inicio\/wp-json\/wp\/v2\/product"}],"about":[{"href":"https:\/\/www.multicasa.com.br\/inicio\/wp-json\/wp\/v2\/types\/product"}],"wp:attachment":[{"href":"https:\/\/www.multicasa.com.br\/inicio\/wp-json\/wp\/v2\/media?parent=30451"}],"wp:term":[{"taxonomy":"product_brand","embeddable":true,"href":"https:\/\/www.multicasa.com.br\/inicio\/wp-json\/wp\/v2\/product_brand?post=30451"},{"taxonomy":"product_cat","embeddable":true,"href":"https:\/\/www.multicasa.com.br\/inicio\/wp-json\/wp\/v2\/product_cat?post=30451"},{"taxonomy":"product_tag","embeddable":true,"href":"https:\/\/www.multicasa.com.br\/inicio\/wp-json\/wp\/v2\/product_tag?post=30451"}],"curies":[{"name":"wp","href":"https:\/\/api.w.org\/{rel}","templated":true}]}}