{"id":30517,"date":"2025-12-16T21:33:19","date_gmt":"2025-12-17T01:33:19","guid":{"rendered":"https:\/\/www.multicasa.com.br\/inicio\/produto\/cantoneira-aco-1-ct4-bc-overtime\/"},"modified":"2025-12-17T13:31:23","modified_gmt":"2025-12-17T17:31:23","slug":"cantoneira-aco-1-ct4-bc-overtime","status":"publish","type":"product","link":"https:\/\/www.multicasa.com.br\/inicio\/produto\/cantoneira-aco-1-ct4-bc-overtime\/","title":{"rendered":"CANTONEIRA ACO 1 CT4 BC OVERTIME"},"content":{"rendered":"<p>Cantoneira Aco 1 Ct4 Bc<\/p>\n","protected":false},"excerpt":{"rendered":"<h4 style=\"margin: 0px;padding: 0px 0px 16px;font-family: Lato, sans-serif;font-weight: bold;line-height: 3rem;color: var(--dark-grey3);font-size: 22px;font-style: normal;letter-spacing: normal;text-align: start;text-indent: 0px;text-transform: none\">Informa\u00e7\u00f5es t\u00e9cnicas<\/h4>\n<p><span style=\"margin: 0px;padding: 0px;font-weight: 450;font-size: 14px;line-height: 21px;color: var(--dark-grey2);font-family: Lato, sans-serif;font-style: normal;letter-spacing: normal;text-align: start;text-indent: 0px;text-transform: none\">Cantoneira em a\u00e7o, fura\u00e7\u00e3o tipo CT4, tamanho 1, acabamento branco, indicada para refor\u00e7o de m\u00f3veis e prateleiras.<\/span><\/p>\n","protected":false},"featured_media":0,"template":"","meta":{"_joinchat":[]},"product_brand":[],"product_cat":[141],"product_tag":[],"class_list":{"0":"post-30517","1":"product","2":"type-product","3":"status-publish","5":"product_cat-marcenaria","7":"first","8":"outofstock","9":"shipping-taxable","10":"purchasable","11":"product-type-simple"},"_links":{"self":[{"href":"https:\/\/www.multicasa.com.br\/inicio\/wp-json\/wp\/v2\/product\/30517","targetHints":{"allow":["GET"]}}],"collection":[{"href":"https:\/\/www.multicasa.com.br\/inicio\/wp-json\/wp\/v2\/product"}],"about":[{"href":"https:\/\/www.multicasa.com.br\/inicio\/wp-json\/wp\/v2\/types\/product"}],"wp:attachment":[{"href":"https:\/\/www.multicasa.com.br\/inicio\/wp-json\/wp\/v2\/media?parent=30517"}],"wp:term":[{"taxonomy":"product_brand","embeddable":true,"href":"https:\/\/www.multicasa.com.br\/inicio\/wp-json\/wp\/v2\/product_brand?post=30517"},{"taxonomy":"product_cat","embeddable":true,"href":"https:\/\/www.multicasa.com.br\/inicio\/wp-json\/wp\/v2\/product_cat?post=30517"},{"taxonomy":"product_tag","embeddable":true,"href":"https:\/\/www.multicasa.com.br\/inicio\/wp-json\/wp\/v2\/product_tag?post=30517"}],"curies":[{"name":"wp","href":"https:\/\/api.w.org\/{rel}","templated":true}]}}