{"id":30571,"date":"2025-12-16T21:37:31","date_gmt":"2025-12-17T01:37:31","guid":{"rendered":"https:\/\/www.multicasa.com.br\/inicio\/produto\/mascara-prot-ecoar-pff-2-s-valv-pla\/"},"modified":"2026-02-20T15:19:01","modified_gmt":"2026-02-20T19:19:01","slug":"mascara-prot-ecoar-pff-2-s-valv-pla","status":"publish","type":"product","link":"https:\/\/www.multicasa.com.br\/inicio\/produto\/mascara-prot-ecoar-pff-2-s-valv-pla\/","title":{"rendered":"MASCARA PROT.ECOAR PFF-2 S\/VALV.PLA"},"content":{"rendered":"<p>Mascara Prot.Ecoar Pff-2<\/p>\n","protected":false},"excerpt":{"rendered":"<h4 style=\"margin: 0px;padding: 0px 0px 16px;font-family: Lato, sans-serif;font-weight: bold;line-height: 3rem;color: var(--dark-grey3);font-size: 22px;font-style: normal;letter-spacing: normal;text-align: start;text-indent: 0px;text-transform: none\">Informa\u00e7\u00f5es t\u00e9cnicas<\/h4>\n<p><span style=\"margin: 0px;padding: 0px;font-weight: 450;font-size: 14px;line-height: 21px;color: var(--dark-grey2);font-family: Lato, sans-serif;font-style: normal;letter-spacing: normal;text-align: start;text-indent: 0px;text-transform: none\">M\u00e1scara de prote\u00e7\u00e3o respirat\u00f3ria PFF-2 sem v\u00e1lvula, modelo Ecoar, filtra poeiras e n\u00e9voas, uso profissional.<\/span><\/p>\n","protected":false},"featured_media":0,"template":"","meta":{"_joinchat":[]},"product_brand":[],"product_cat":[133],"product_tag":[],"class_list":{"0":"post-30571","1":"product","2":"type-product","3":"status-publish","5":"product_cat-epis","7":"first","8":"outofstock","9":"shipping-taxable","10":"purchasable","11":"product-type-simple"},"_links":{"self":[{"href":"https:\/\/www.multicasa.com.br\/inicio\/wp-json\/wp\/v2\/product\/30571","targetHints":{"allow":["GET"]}}],"collection":[{"href":"https:\/\/www.multicasa.com.br\/inicio\/wp-json\/wp\/v2\/product"}],"about":[{"href":"https:\/\/www.multicasa.com.br\/inicio\/wp-json\/wp\/v2\/types\/product"}],"wp:attachment":[{"href":"https:\/\/www.multicasa.com.br\/inicio\/wp-json\/wp\/v2\/media?parent=30571"}],"wp:term":[{"taxonomy":"product_brand","embeddable":true,"href":"https:\/\/www.multicasa.com.br\/inicio\/wp-json\/wp\/v2\/product_brand?post=30571"},{"taxonomy":"product_cat","embeddable":true,"href":"https:\/\/www.multicasa.com.br\/inicio\/wp-json\/wp\/v2\/product_cat?post=30571"},{"taxonomy":"product_tag","embeddable":true,"href":"https:\/\/www.multicasa.com.br\/inicio\/wp-json\/wp\/v2\/product_tag?post=30571"}],"curies":[{"name":"wp","href":"https:\/\/api.w.org\/{rel}","templated":true}]}}