{"id":30668,"date":"2025-12-16T21:45:16","date_gmt":"2025-12-17T01:45:16","guid":{"rendered":"https:\/\/www.multicasa.com.br\/inicio\/produto\/plafon-led-emb-qd-18w-biv-6-5k-pt-l\/"},"modified":"2026-04-14T09:30:15","modified_gmt":"2026-04-14T13:30:15","slug":"plafon-led-emb-qd-18w-biv-6-5k-pt-l","status":"publish","type":"product","link":"https:\/\/www.multicasa.com.br\/inicio\/produto\/plafon-led-emb-qd-18w-biv-6-5k-pt-l\/","title":{"rendered":"PLAFON LED EMB.QD.18W BIV.6.5K PT L"},"content":{"rendered":"<p>Plafon LED de Embutir Quadrado 18W Bivolt 6500K Preto LLUM<\/p>\n","protected":false},"excerpt":{"rendered":"<h4 style=\"margin: 0px;padding: 0px 0px 16px;font-family: Lato, sans-serif;font-weight: bold;line-height: 3rem;color: var(--dark-grey3);font-size: 22px;font-style: normal;letter-spacing: normal;text-align: start;text-indent: 0px;text-transform: none\">Informa\u00e7\u00f5es t\u00e9cnicas<\/h4>\n<p><span style=\"margin: 0px;padding: 0px;font-weight: 450;font-size: 14px;line-height: 21px;color: var(--dark-grey2);font-family: Lato, sans-serif;font-style: normal;letter-spacing: normal;text-align: start;text-indent: 0px;text-transform: none\">Tipo: Plafon LED de Embutir. Pot\u00eancia: 18W. Cor: 6500K (Luz Fria). Cor Carca\u00e7a: Preto (PT). Marca: LLUM.<\/span><\/p>\n","protected":false},"featured_media":0,"template":"","meta":{"_joinchat":[]},"product_brand":[],"product_cat":[145],"product_tag":[],"class_list":{"0":"post-30668","1":"product","2":"type-product","3":"status-publish","5":"product_cat-leds-comerciais","7":"first","8":"instock","9":"shipping-taxable","10":"purchasable","11":"product-type-simple"},"_links":{"self":[{"href":"https:\/\/www.multicasa.com.br\/inicio\/wp-json\/wp\/v2\/product\/30668","targetHints":{"allow":["GET"]}}],"collection":[{"href":"https:\/\/www.multicasa.com.br\/inicio\/wp-json\/wp\/v2\/product"}],"about":[{"href":"https:\/\/www.multicasa.com.br\/inicio\/wp-json\/wp\/v2\/types\/product"}],"wp:attachment":[{"href":"https:\/\/www.multicasa.com.br\/inicio\/wp-json\/wp\/v2\/media?parent=30668"}],"wp:term":[{"taxonomy":"product_brand","embeddable":true,"href":"https:\/\/www.multicasa.com.br\/inicio\/wp-json\/wp\/v2\/product_brand?post=30668"},{"taxonomy":"product_cat","embeddable":true,"href":"https:\/\/www.multicasa.com.br\/inicio\/wp-json\/wp\/v2\/product_cat?post=30668"},{"taxonomy":"product_tag","embeddable":true,"href":"https:\/\/www.multicasa.com.br\/inicio\/wp-json\/wp\/v2\/product_tag?post=30668"}],"curies":[{"name":"wp","href":"https:\/\/api.w.org\/{rel}","templated":true}]}}