{"id":30693,"date":"2025-12-16T21:47:16","date_gmt":"2025-12-17T01:47:16","guid":{"rendered":"https:\/\/www.multicasa.com.br\/inicio\/produto\/uniao-polietileno-red-3-4x1-2-az-re\/"},"modified":"2025-12-17T13:38:25","modified_gmt":"2025-12-17T17:38:25","slug":"uniao-polietileno-red-3-4x1-2-az-re","status":"publish","type":"product","link":"https:\/\/www.multicasa.com.br\/inicio\/produto\/uniao-polietileno-red-3-4x1-2-az-re\/","title":{"rendered":"UNIAO POLIETILENO RED.3\/4X1\/2 AZ RE"},"content":{"rendered":"<p>Uni\u00e3o de Polietileno Redu\u00e7\u00e3o 3\/4&#8243; x 1\/2&#8243; Azul Rebou\u00e7as<\/p>\n","protected":false},"excerpt":{"rendered":"<h4 style=\"margin: 0px;padding: 0px 0px 16px;font-family: Lato, sans-serif;font-weight: bold;line-height: 3rem;color: var(--dark-grey3);font-size: 22px;font-style: normal;letter-spacing: normal;text-align: start;text-indent: 0px;text-transform: none\">Informa\u00e7\u00f5es t\u00e9cnicas<\/h4>\n<p><span style=\"margin: 0px;padding: 0px;font-weight: 450;font-size: 14px;line-height: 21px;color: var(--dark-grey2);font-family: Lato, sans-serif;font-style: normal;letter-spacing: normal;text-align: start;text-indent: 0px;text-transform: none\">Tipo: Uni\u00e3o (Conex\u00e3o). Material: Polietileno. Medidas: 3\/4&#8243; para 1\/2&#8243;. Cor: Azul (AZ). Marca: Rebou\u00e7as.<\/span><\/p>\n","protected":false},"featured_media":0,"template":"","meta":{"_joinchat":[]},"product_brand":[],"product_cat":[75],"product_tag":[],"class_list":{"0":"post-30693","1":"product","2":"type-product","3":"status-publish","5":"product_cat-bombas-e-cia","7":"first","8":"outofstock","9":"shipping-taxable","10":"purchasable","11":"product-type-simple"},"_links":{"self":[{"href":"https:\/\/www.multicasa.com.br\/inicio\/wp-json\/wp\/v2\/product\/30693","targetHints":{"allow":["GET"]}}],"collection":[{"href":"https:\/\/www.multicasa.com.br\/inicio\/wp-json\/wp\/v2\/product"}],"about":[{"href":"https:\/\/www.multicasa.com.br\/inicio\/wp-json\/wp\/v2\/types\/product"}],"wp:attachment":[{"href":"https:\/\/www.multicasa.com.br\/inicio\/wp-json\/wp\/v2\/media?parent=30693"}],"wp:term":[{"taxonomy":"product_brand","embeddable":true,"href":"https:\/\/www.multicasa.com.br\/inicio\/wp-json\/wp\/v2\/product_brand?post=30693"},{"taxonomy":"product_cat","embeddable":true,"href":"https:\/\/www.multicasa.com.br\/inicio\/wp-json\/wp\/v2\/product_cat?post=30693"},{"taxonomy":"product_tag","embeddable":true,"href":"https:\/\/www.multicasa.com.br\/inicio\/wp-json\/wp\/v2\/product_tag?post=30693"}],"curies":[{"name":"wp","href":"https:\/\/api.w.org\/{rel}","templated":true}]}}