{"id":30695,"date":"2025-12-16T21:47:25","date_gmt":"2025-12-17T01:47:25","guid":{"rendered":"https:\/\/www.multicasa.com.br\/inicio\/produto\/joelho-11-4-az-reboucas\/"},"modified":"2025-12-17T13:38:33","modified_gmt":"2025-12-17T17:38:33","slug":"joelho-11-4-az-reboucas","status":"publish","type":"product","link":"https:\/\/www.multicasa.com.br\/inicio\/produto\/joelho-11-4-az-reboucas\/","title":{"rendered":"JOELHO 11\/4 AZ REBOUCAS"},"content":{"rendered":"<p>Joelho 90\u00b0 Polietileno 1.1\/4&#8243; Azul Rebou\u00e7as<\/p>\n","protected":false},"excerpt":{"rendered":"<h4 style=\"margin: 0px;padding: 0px 0px 16px;font-family: Lato, sans-serif;font-weight: bold;line-height: 3rem;color: var(--dark-grey3);font-size: 22px;font-style: normal;letter-spacing: normal;text-align: start;text-indent: 0px;text-transform: none\">Informa\u00e7\u00f5es t\u00e9cnicas<\/h4>\n<p><span style=\"margin: 0px;padding: 0px;font-weight: 450;font-size: 14px;line-height: 21px;color: var(--dark-grey2);font-family: Lato, sans-serif;font-style: normal;letter-spacing: normal;text-align: start;text-indent: 0px;text-transform: none\">Tipo: Joelho 90\u00b0. Material: Polietileno. Di\u00e2metro: 1.1\/4 polegada. Cor: Azul (AZ). Marca: Rebou\u00e7as.<\/span><\/p>\n","protected":false},"featured_media":0,"template":"","meta":{"_joinchat":[]},"product_brand":[],"product_cat":[75],"product_tag":[],"class_list":{"0":"post-30695","1":"product","2":"type-product","3":"status-publish","5":"product_cat-bombas-e-cia","7":"first","8":"instock","9":"shipping-taxable","10":"purchasable","11":"product-type-simple"},"_links":{"self":[{"href":"https:\/\/www.multicasa.com.br\/inicio\/wp-json\/wp\/v2\/product\/30695","targetHints":{"allow":["GET"]}}],"collection":[{"href":"https:\/\/www.multicasa.com.br\/inicio\/wp-json\/wp\/v2\/product"}],"about":[{"href":"https:\/\/www.multicasa.com.br\/inicio\/wp-json\/wp\/v2\/types\/product"}],"wp:attachment":[{"href":"https:\/\/www.multicasa.com.br\/inicio\/wp-json\/wp\/v2\/media?parent=30695"}],"wp:term":[{"taxonomy":"product_brand","embeddable":true,"href":"https:\/\/www.multicasa.com.br\/inicio\/wp-json\/wp\/v2\/product_brand?post=30695"},{"taxonomy":"product_cat","embeddable":true,"href":"https:\/\/www.multicasa.com.br\/inicio\/wp-json\/wp\/v2\/product_cat?post=30695"},{"taxonomy":"product_tag","embeddable":true,"href":"https:\/\/www.multicasa.com.br\/inicio\/wp-json\/wp\/v2\/product_tag?post=30695"}],"curies":[{"name":"wp","href":"https:\/\/api.w.org\/{rel}","templated":true}]}}