{"id":30697,"date":"2025-12-16T21:47:35","date_gmt":"2025-12-17T01:47:35","guid":{"rendered":"https:\/\/www.multicasa.com.br\/inicio\/produto\/engate-flex-inox-gas-150m\/"},"modified":"2026-03-17T06:52:00","modified_gmt":"2026-03-17T10:52:00","slug":"engate-flex-inox-gas-150m","status":"publish","type":"product","link":"https:\/\/www.multicasa.com.br\/inicio\/produto\/engate-flex-inox-gas-150m\/","title":{"rendered":"ENGATE FLEX.INOX GAS 1,50M"},"content":{"rendered":"<p>ENGATE FLEX.INOX GAS 1,50M<\/p>\n","protected":false},"excerpt":{"rendered":"<h4 style=\"margin: 0px;padding: 0px 0px 16px;font-family: Lato, sans-serif;font-weight: bold;line-height: 3rem;color: var(--dark-grey3);font-size: 22px;font-style: normal;letter-spacing: normal;text-align: start;text-indent: 0px;text-transform: none\">Informa\u00e7\u00f5es t\u00e9cnicas<\/h4>\n<p><span style=\"margin: 0px;padding: 0px;font-weight: 450;font-size: 14px;line-height: 21px;color: var(--dark-grey2);font-family: Lato, sans-serif;font-style: normal;letter-spacing: normal;text-align: start;text-indent: 0px;text-transform: none\">Engate flex\u00edvel em inox 1,50m para g\u00e1s, com alta seguran\u00e7a e flexibilidade na instala\u00e7\u00e3o de fog\u00f5es e aquecedores.<\/span><\/p>\n","protected":false},"featured_media":0,"template":"","meta":{"_joinchat":[]},"product_brand":[],"product_cat":[94],"product_tag":[],"class_list":{"0":"post-30697","1":"product","2":"type-product","3":"status-publish","5":"product_cat-gas","7":"first","8":"instock","9":"shipping-taxable","10":"purchasable","11":"product-type-simple"},"_links":{"self":[{"href":"https:\/\/www.multicasa.com.br\/inicio\/wp-json\/wp\/v2\/product\/30697","targetHints":{"allow":["GET"]}}],"collection":[{"href":"https:\/\/www.multicasa.com.br\/inicio\/wp-json\/wp\/v2\/product"}],"about":[{"href":"https:\/\/www.multicasa.com.br\/inicio\/wp-json\/wp\/v2\/types\/product"}],"wp:attachment":[{"href":"https:\/\/www.multicasa.com.br\/inicio\/wp-json\/wp\/v2\/media?parent=30697"}],"wp:term":[{"taxonomy":"product_brand","embeddable":true,"href":"https:\/\/www.multicasa.com.br\/inicio\/wp-json\/wp\/v2\/product_brand?post=30697"},{"taxonomy":"product_cat","embeddable":true,"href":"https:\/\/www.multicasa.com.br\/inicio\/wp-json\/wp\/v2\/product_cat?post=30697"},{"taxonomy":"product_tag","embeddable":true,"href":"https:\/\/www.multicasa.com.br\/inicio\/wp-json\/wp\/v2\/product_tag?post=30697"}],"curies":[{"name":"wp","href":"https:\/\/api.w.org\/{rel}","templated":true}]}}