{"id":30716,"date":"2025-12-16T21:49:01","date_gmt":"2025-12-17T01:49:01","guid":{"rendered":"https:\/\/www.multicasa.com.br\/inicio\/produto\/conector-torcao-c-borda-3x6mm-vm-de\/"},"modified":"2025-12-17T13:39:56","modified_gmt":"2025-12-17T17:39:56","slug":"conector-torcao-c-borda-3x6mm-vm-de","status":"publish","type":"product","link":"https:\/\/www.multicasa.com.br\/inicio\/produto\/conector-torcao-c-borda-3x6mm-vm-de\/","title":{"rendered":"CONECTOR TORCAO C\/BORDA 3X6MM VM DE"},"content":{"rendered":"<p>Conector Torcao C\/Borda 3X6Mm Vm De<\/p>\n","protected":false},"excerpt":{"rendered":"<h4 style=\"margin: 0px;padding: 0px 0px 16px;font-family: Lato, sans-serif;font-weight: bold;line-height: 3rem;color: var(--dark-grey3);font-size: 22px;font-style: normal;letter-spacing: normal;text-align: start;text-indent: 0px;text-transform: none\">Informa\u00e7\u00f5es t\u00e9cnicas<\/h4>\n<p><span style=\"margin: 0px;padding: 0px;font-weight: 450;font-size: 14px;line-height: 21px;color: var(--dark-grey2);font-family: Lato, sans-serif;font-style: normal;letter-spacing: normal;text-align: start;text-indent: 0px;text-transform: none\">Conector de tor\u00e7\u00e3o com borda, capacidade 3 condutores at\u00e9 6 mm\u00b2, corpo em material termopl\u00e1stico na cor vermelha, sistema de liga\u00e7\u00e3o por tor\u00e7\u00e3o, uso em emendas el\u00e9tricas internas.<\/span><\/p>\n","protected":false},"featured_media":0,"template":"","meta":{"_joinchat":[]},"product_brand":[],"product_cat":[71],"product_tag":[],"class_list":{"0":"post-30716","1":"product","2":"type-product","3":"status-publish","5":"product_cat-chuveiros","7":"first","8":"instock","9":"shipping-taxable","10":"purchasable","11":"product-type-simple"},"_links":{"self":[{"href":"https:\/\/www.multicasa.com.br\/inicio\/wp-json\/wp\/v2\/product\/30716","targetHints":{"allow":["GET"]}}],"collection":[{"href":"https:\/\/www.multicasa.com.br\/inicio\/wp-json\/wp\/v2\/product"}],"about":[{"href":"https:\/\/www.multicasa.com.br\/inicio\/wp-json\/wp\/v2\/types\/product"}],"wp:attachment":[{"href":"https:\/\/www.multicasa.com.br\/inicio\/wp-json\/wp\/v2\/media?parent=30716"}],"wp:term":[{"taxonomy":"product_brand","embeddable":true,"href":"https:\/\/www.multicasa.com.br\/inicio\/wp-json\/wp\/v2\/product_brand?post=30716"},{"taxonomy":"product_cat","embeddable":true,"href":"https:\/\/www.multicasa.com.br\/inicio\/wp-json\/wp\/v2\/product_cat?post=30716"},{"taxonomy":"product_tag","embeddable":true,"href":"https:\/\/www.multicasa.com.br\/inicio\/wp-json\/wp\/v2\/product_tag?post=30716"}],"curies":[{"name":"wp","href":"https:\/\/api.w.org\/{rel}","templated":true}]}}