{"id":30743,"date":"2025-12-16T21:51:13","date_gmt":"2025-12-17T01:51:13","guid":{"rendered":"https:\/\/www.multicasa.com.br\/inicio\/produto\/resistencia-aq-max-u-4600w-127v-lor\/"},"modified":"2026-03-23T11:00:52","modified_gmt":"2026-03-23T15:00:52","slug":"resistencia-aq-max-u-4600w-127v-lor","status":"publish","type":"product","link":"https:\/\/www.multicasa.com.br\/inicio\/produto\/resistencia-aq-max-u-4600w-127v-lor\/","title":{"rendered":"RESISTENCIA AQ.MAX.U.4600W 127V LOR"},"content":{"rendered":"<p>Resist\u00eancia para Aquecedor M\u00e1ximo Ultra 4600W 127V Lorenzetti<\/p>\n","protected":false},"excerpt":{"rendered":"<h4 style=\"margin: 0px;padding: 0px 0px 16px;font-family: Lato, sans-serif;font-weight: bold;line-height: 3rem;color: var(--dark-grey3);font-size: 22px;font-style: normal;letter-spacing: normal;text-align: start;text-indent: 0px;text-transform: none\">Informa\u00e7\u00f5es t\u00e9cnicas<\/h4>\n<p><span style=\"margin: 0px;padding: 0px;font-weight: 450;font-size: 14px;line-height: 21px;color: var(--dark-grey2);font-family: Lato, sans-serif;font-style: normal;letter-spacing: normal;text-align: start;text-indent: 0px;text-transform: none\">Tipo: Resist\u00eancia El\u00e9trica. Pot\u00eancia: 4600W. Tens\u00e3o: 127V. Aplica\u00e7\u00e3o: Aquecedor M\u00e1ximo Ultra. Marca: Lorenzetti.<\/span><\/p>\n","protected":false},"featured_media":0,"template":"","meta":{"_joinchat":[]},"product_brand":[],"product_cat":[74],"product_tag":[],"class_list":{"0":"post-30743","1":"product","2":"type-product","3":"status-publish","5":"product_cat-reparos-hidraulicos","7":"first","8":"instock","9":"shipping-taxable","10":"purchasable","11":"product-type-simple"},"_links":{"self":[{"href":"https:\/\/www.multicasa.com.br\/inicio\/wp-json\/wp\/v2\/product\/30743","targetHints":{"allow":["GET"]}}],"collection":[{"href":"https:\/\/www.multicasa.com.br\/inicio\/wp-json\/wp\/v2\/product"}],"about":[{"href":"https:\/\/www.multicasa.com.br\/inicio\/wp-json\/wp\/v2\/types\/product"}],"wp:attachment":[{"href":"https:\/\/www.multicasa.com.br\/inicio\/wp-json\/wp\/v2\/media?parent=30743"}],"wp:term":[{"taxonomy":"product_brand","embeddable":true,"href":"https:\/\/www.multicasa.com.br\/inicio\/wp-json\/wp\/v2\/product_brand?post=30743"},{"taxonomy":"product_cat","embeddable":true,"href":"https:\/\/www.multicasa.com.br\/inicio\/wp-json\/wp\/v2\/product_cat?post=30743"},{"taxonomy":"product_tag","embeddable":true,"href":"https:\/\/www.multicasa.com.br\/inicio\/wp-json\/wp\/v2\/product_tag?post=30743"}],"curies":[{"name":"wp","href":"https:\/\/api.w.org\/{rel}","templated":true}]}}