{"id":30848,"date":"2025-12-16T21:59:28","date_gmt":"2025-12-17T01:59:28","guid":{"rendered":"https:\/\/www.multicasa.com.br\/inicio\/produto\/silicone-acetico-240g-tr-orbi\/"},"modified":"2026-02-16T15:00:25","modified_gmt":"2026-02-16T19:00:25","slug":"silicone-acetico-240g-tr-orbi","status":"publish","type":"product","link":"https:\/\/www.multicasa.com.br\/inicio\/produto\/silicone-acetico-240g-tr-orbi\/","title":{"rendered":"SILICONE ACETICO 240G TR ORBI"},"content":{"rendered":"<p>Silicone Ac\u00e9tico 240g Transparente Orbi<\/p>\n","protected":false},"excerpt":{"rendered":"<h4 style=\"margin: 0px;padding: 0px 0px 16px;font-family: Lato, sans-serif;font-weight: bold;line-height: 3rem;color: var(--dark-grey3);font-size: 22px;font-style: normal;letter-spacing: normal;text-align: start;text-indent: 0px;text-transform: none\">Informa\u00e7\u00f5es t\u00e9cnicas<\/h4>\n<p><span style=\"margin: 0px;padding: 0px;font-weight: 450;font-size: 14px;line-height: 21px;color: var(--dark-grey2);font-family: Lato, sans-serif;font-style: normal;letter-spacing: normal;text-align: start;text-indent: 0px;text-transform: none\">Tipo: Selante de Silicone (Ac\u00e9tico). Peso: 240g. Cor: Transparente (TR). Uso: Veda\u00e7\u00e3o em vidros e lou\u00e7as (banheiros\/cozinhas). Marca: Orbi.<\/span><\/p>\n","protected":false},"featured_media":0,"template":"","meta":{"_joinchat":[]},"product_brand":[],"product_cat":[162],"product_tag":[],"class_list":{"0":"post-30848","1":"product","2":"type-product","3":"status-publish","5":"product_cat-colas-e-cia","7":"first","8":"instock","9":"shipping-taxable","10":"purchasable","11":"product-type-simple"},"_links":{"self":[{"href":"https:\/\/www.multicasa.com.br\/inicio\/wp-json\/wp\/v2\/product\/30848","targetHints":{"allow":["GET"]}}],"collection":[{"href":"https:\/\/www.multicasa.com.br\/inicio\/wp-json\/wp\/v2\/product"}],"about":[{"href":"https:\/\/www.multicasa.com.br\/inicio\/wp-json\/wp\/v2\/types\/product"}],"wp:attachment":[{"href":"https:\/\/www.multicasa.com.br\/inicio\/wp-json\/wp\/v2\/media?parent=30848"}],"wp:term":[{"taxonomy":"product_brand","embeddable":true,"href":"https:\/\/www.multicasa.com.br\/inicio\/wp-json\/wp\/v2\/product_brand?post=30848"},{"taxonomy":"product_cat","embeddable":true,"href":"https:\/\/www.multicasa.com.br\/inicio\/wp-json\/wp\/v2\/product_cat?post=30848"},{"taxonomy":"product_tag","embeddable":true,"href":"https:\/\/www.multicasa.com.br\/inicio\/wp-json\/wp\/v2\/product_tag?post=30848"}],"curies":[{"name":"wp","href":"https:\/\/api.w.org\/{rel}","templated":true}]}}