{"id":30986,"date":"2025-12-16T22:10:36","date_gmt":"2025-12-17T02:10:36","guid":{"rendered":"https:\/\/www.multicasa.com.br\/inicio\/produto\/pano-copa-algod-65x44cm-0034-beneca\/"},"modified":"2026-02-07T09:50:24","modified_gmt":"2026-02-07T13:50:24","slug":"pano-copa-algod-65x44cm-0034-beneca","status":"publish","type":"product","link":"https:\/\/www.multicasa.com.br\/inicio\/produto\/pano-copa-algod-65x44cm-0034-beneca\/","title":{"rendered":"PANO COPA ALGOD.65X44CM 0034 BENECA"},"content":{"rendered":"<p>Pano de Copa Algod\u00e3o 65x44cm Benef\u00edcio Casa<\/p>\n","protected":false},"excerpt":{"rendered":"<h4 style=\"margin: 0px;padding: 0px 0px 16px;font-family: Lato, sans-serif;font-weight: bold;line-height: 3rem;color: var(--dark-grey3);font-size: 22px;font-style: normal;letter-spacing: normal;text-align: start;text-indent: 0px;text-transform: none\">Informa\u00e7\u00f5es t\u00e9cnicas<\/h4>\n<p><span style=\"margin: 0px;padding: 0px;font-weight: 450;font-size: 14px;line-height: 21px;color: var(--dark-grey2);font-family: Lato, sans-serif;font-style: normal;letter-spacing: normal;text-align: start;text-indent: 0px;text-transform: none\">Tipo: Pano de Copa (Limpeza). Material: Algod\u00e3o. Dimens\u00f5es: 65 x 44cm. Marca: Benef\u00edcio Casa.<\/span><\/p>\n","protected":false},"featured_media":0,"template":"","meta":{"_joinchat":[]},"product_brand":[],"product_cat":[93],"product_tag":[],"class_list":{"0":"post-30986","1":"product","2":"type-product","3":"status-publish","5":"product_cat-utensilios-para-cozinha","7":"first","8":"instock","9":"shipping-taxable","10":"purchasable","11":"product-type-simple"},"_links":{"self":[{"href":"https:\/\/www.multicasa.com.br\/inicio\/wp-json\/wp\/v2\/product\/30986","targetHints":{"allow":["GET"]}}],"collection":[{"href":"https:\/\/www.multicasa.com.br\/inicio\/wp-json\/wp\/v2\/product"}],"about":[{"href":"https:\/\/www.multicasa.com.br\/inicio\/wp-json\/wp\/v2\/types\/product"}],"wp:attachment":[{"href":"https:\/\/www.multicasa.com.br\/inicio\/wp-json\/wp\/v2\/media?parent=30986"}],"wp:term":[{"taxonomy":"product_brand","embeddable":true,"href":"https:\/\/www.multicasa.com.br\/inicio\/wp-json\/wp\/v2\/product_brand?post=30986"},{"taxonomy":"product_cat","embeddable":true,"href":"https:\/\/www.multicasa.com.br\/inicio\/wp-json\/wp\/v2\/product_cat?post=30986"},{"taxonomy":"product_tag","embeddable":true,"href":"https:\/\/www.multicasa.com.br\/inicio\/wp-json\/wp\/v2\/product_tag?post=30986"}],"curies":[{"name":"wp","href":"https:\/\/api.w.org\/{rel}","templated":true}]}}