{"id":30989,"date":"2025-12-16T22:10:51","date_gmt":"2025-12-17T02:10:51","guid":{"rendered":"https:\/\/www.multicasa.com.br\/inicio\/produto\/cera-liq-p-calcado-60ml-pt-wassingt\/"},"modified":"2026-04-09T16:30:30","modified_gmt":"2026-04-09T20:30:30","slug":"cera-liq-p-calcado-60ml-pt-wassingt","status":"publish","type":"product","link":"https:\/\/www.multicasa.com.br\/inicio\/produto\/cera-liq-p-calcado-60ml-pt-wassingt\/","title":{"rendered":"CERA LIQ.P\/CALCADO 60ML PT WASSINGT"},"content":{"rendered":"<p>Cera L\u00edquida para Cal\u00e7ado 60ml Preto Washington<\/p>\n","protected":false},"excerpt":{"rendered":"<h4 style=\"margin: 0px;padding: 0px 0px 16px;font-family: Lato, sans-serif;font-weight: bold;line-height: 3rem;color: var(--dark-grey3);font-size: 22px;font-style: normal;letter-spacing: normal;text-align: start;text-indent: 0px;text-transform: none\">Informa\u00e7\u00f5es t\u00e9cnicas<\/h4>\n<p><span style=\"margin: 0px;padding: 0px;font-weight: 450;font-size: 14px;line-height: 21px;color: var(--dark-grey2);font-family: Lato, sans-serif;font-style: normal;letter-spacing: normal;text-align: start;text-indent: 0px;text-transform: none\">Tipo: Cera L\u00edquida. Volume: 60ml. Cor: Preto (PT). Uso: Lustrar cal\u00e7ados de couro. Marca: Washington.<\/span><\/p>\n","protected":false},"featured_media":0,"template":"","meta":{"_joinchat":[]},"product_brand":[],"product_cat":[147],"product_tag":[],"class_list":{"0":"post-30989","1":"product","2":"type-product","3":"status-publish","5":"product_cat-basicos","7":"first","8":"instock","9":"shipping-taxable","10":"purchasable","11":"product-type-simple"},"_links":{"self":[{"href":"https:\/\/www.multicasa.com.br\/inicio\/wp-json\/wp\/v2\/product\/30989","targetHints":{"allow":["GET"]}}],"collection":[{"href":"https:\/\/www.multicasa.com.br\/inicio\/wp-json\/wp\/v2\/product"}],"about":[{"href":"https:\/\/www.multicasa.com.br\/inicio\/wp-json\/wp\/v2\/types\/product"}],"wp:attachment":[{"href":"https:\/\/www.multicasa.com.br\/inicio\/wp-json\/wp\/v2\/media?parent=30989"}],"wp:term":[{"taxonomy":"product_brand","embeddable":true,"href":"https:\/\/www.multicasa.com.br\/inicio\/wp-json\/wp\/v2\/product_brand?post=30989"},{"taxonomy":"product_cat","embeddable":true,"href":"https:\/\/www.multicasa.com.br\/inicio\/wp-json\/wp\/v2\/product_cat?post=30989"},{"taxonomy":"product_tag","embeddable":true,"href":"https:\/\/www.multicasa.com.br\/inicio\/wp-json\/wp\/v2\/product_tag?post=30989"}],"curies":[{"name":"wp","href":"https:\/\/api.w.org\/{rel}","templated":true}]}}