{"id":31029,"date":"2025-12-16T22:14:01","date_gmt":"2025-12-17T02:14:01","guid":{"rendered":"https:\/\/www.multicasa.com.br\/inicio\/produto\/roteador-ext-mesh-bc-wi-fi-twibi-fo\/"},"modified":"2026-01-06T10:00:23","modified_gmt":"2026-01-06T14:00:23","slug":"roteador-ext-mesh-bc-wi-fi-twibi-fo","status":"publish","type":"product","link":"https:\/\/www.multicasa.com.br\/inicio\/produto\/roteador-ext-mesh-bc-wi-fi-twibi-fo\/","title":{"rendered":"ROTEADOR EXT.MESH BC WI-FI TWIBI FO"},"content":{"rendered":"<p>ROTEADOR EXT.MESH BC WI-FI TWIBI<\/p>\n","protected":false},"excerpt":{"rendered":"<h4 style=\"margin: 0px;padding: 0px 0px 16px;font-family: Lato, sans-serif;font-weight: bold;line-height: 3rem;color: var(--dark-grey3);font-size: 22px;font-style: normal;letter-spacing: normal;text-align: start;text-indent: 0px;text-transform: none\">Informa\u00e7\u00f5es t\u00e9cnicas<\/h4>\n<p><span style=\"margin: 0px;padding: 0px;font-weight: 450;font-size: 14px;line-height: 21px;color: var(--dark-grey2);font-family: Lato, sans-serif;font-style: normal;letter-spacing: normal;text-align: start;text-indent: 0px;text-transform: none\">Equipamento eletr\u00f4nico de conectividade e comunica\u00e7\u00e3o, ideal para uso residencial ou corporativo.<\/span><\/p>\n","protected":false},"featured_media":0,"template":"","meta":{"_joinchat":[]},"product_brand":[],"product_cat":[130],"product_tag":[],"class_list":{"0":"post-31029","1":"product","2":"type-product","3":"status-publish","5":"product_cat-informatica","7":"first","8":"instock","9":"shipping-taxable","10":"purchasable","11":"product-type-simple"},"_links":{"self":[{"href":"https:\/\/www.multicasa.com.br\/inicio\/wp-json\/wp\/v2\/product\/31029","targetHints":{"allow":["GET"]}}],"collection":[{"href":"https:\/\/www.multicasa.com.br\/inicio\/wp-json\/wp\/v2\/product"}],"about":[{"href":"https:\/\/www.multicasa.com.br\/inicio\/wp-json\/wp\/v2\/types\/product"}],"wp:attachment":[{"href":"https:\/\/www.multicasa.com.br\/inicio\/wp-json\/wp\/v2\/media?parent=31029"}],"wp:term":[{"taxonomy":"product_brand","embeddable":true,"href":"https:\/\/www.multicasa.com.br\/inicio\/wp-json\/wp\/v2\/product_brand?post=31029"},{"taxonomy":"product_cat","embeddable":true,"href":"https:\/\/www.multicasa.com.br\/inicio\/wp-json\/wp\/v2\/product_cat?post=31029"},{"taxonomy":"product_tag","embeddable":true,"href":"https:\/\/www.multicasa.com.br\/inicio\/wp-json\/wp\/v2\/product_tag?post=31029"}],"curies":[{"name":"wp","href":"https:\/\/api.w.org\/{rel}","templated":true}]}}