{"id":31042,"date":"2025-12-16T22:15:04","date_gmt":"2025-12-17T02:15:04","guid":{"rendered":"https:\/\/www.multicasa.com.br\/inicio\/produto\/capa-chuva-pvc-forrado-gg-fit-am-pl\/"},"modified":"2026-04-09T15:50:46","modified_gmt":"2026-04-09T19:50:46","slug":"capa-chuva-pvc-forrado-gg-fit-am-pl","status":"publish","type":"product","link":"https:\/\/www.multicasa.com.br\/inicio\/produto\/capa-chuva-pvc-forrado-gg-fit-am-pl\/","title":{"rendered":"CAPA CHUVA PVC FORRADO GG FIT AM PL"},"content":{"rendered":"<p>Capa Chuva Pvc Forrado Gg Fit Am<\/p>\n","protected":false},"excerpt":{"rendered":"<h4 style=\"margin: 0px;padding: 0px 0px 16px;font-family: Lato, sans-serif;font-weight: bold;line-height: 3rem;color: var(--dark-grey3);font-size: 22px;font-style: normal;letter-spacing: normal;text-align: start;text-indent: 0px;text-transform: none\">Informa\u00e7\u00f5es t\u00e9cnicas<\/h4>\n<p><span style=\"margin: 0px;padding: 0px;font-weight: 450;font-size: 14px;line-height: 21px;color: var(--dark-grey2);font-family: Lato, sans-serif;font-style: normal;letter-spacing: normal;text-align: start;text-indent: 0px;text-transform: none\">Capa de chuva em PVC forrado, tamanho GG, modelo FIT, cor amarela, ideal para prote\u00e7\u00e3o em servi\u00e7os externos.<\/span><\/p>\n","protected":false},"featured_media":0,"template":"","meta":{"_joinchat":[]},"product_brand":[],"product_cat":[136],"product_tag":[],"class_list":{"0":"post-31042","1":"product","2":"type-product","3":"status-publish","5":"product_cat-lazer","7":"first","8":"instock","9":"shipping-taxable","10":"purchasable","11":"product-type-simple"},"_links":{"self":[{"href":"https:\/\/www.multicasa.com.br\/inicio\/wp-json\/wp\/v2\/product\/31042","targetHints":{"allow":["GET"]}}],"collection":[{"href":"https:\/\/www.multicasa.com.br\/inicio\/wp-json\/wp\/v2\/product"}],"about":[{"href":"https:\/\/www.multicasa.com.br\/inicio\/wp-json\/wp\/v2\/types\/product"}],"wp:attachment":[{"href":"https:\/\/www.multicasa.com.br\/inicio\/wp-json\/wp\/v2\/media?parent=31042"}],"wp:term":[{"taxonomy":"product_brand","embeddable":true,"href":"https:\/\/www.multicasa.com.br\/inicio\/wp-json\/wp\/v2\/product_brand?post=31042"},{"taxonomy":"product_cat","embeddable":true,"href":"https:\/\/www.multicasa.com.br\/inicio\/wp-json\/wp\/v2\/product_cat?post=31042"},{"taxonomy":"product_tag","embeddable":true,"href":"https:\/\/www.multicasa.com.br\/inicio\/wp-json\/wp\/v2\/product_tag?post=31042"}],"curies":[{"name":"wp","href":"https:\/\/api.w.org\/{rel}","templated":true}]}}