{"id":31083,"date":"2025-12-16T22:18:16","date_gmt":"2025-12-17T02:18:16","guid":{"rendered":"https:\/\/www.multicasa.com.br\/inicio\/produto\/bateria-9v-alcal-ct2-duracell\/"},"modified":"2025-12-17T13:53:14","modified_gmt":"2025-12-17T17:53:14","slug":"bateria-9v-alcal-ct2-duracell","status":"publish","type":"product","link":"https:\/\/www.multicasa.com.br\/inicio\/produto\/bateria-9v-alcal-ct2-duracell\/","title":{"rendered":"BATERIA 9V ALCAL.CT2 DURACELL"},"content":{"rendered":"<p>Bateria 9V Alcalina Cartela c\/2 Duracell<\/p>\n","protected":false},"excerpt":{"rendered":"<h4 style=\"margin: 0px;padding: 0px 0px 16px;font-family: Lato, sans-serif;font-weight: bold;line-height: 3rem;color: var(--dark-grey3);font-size: 22px;font-style: normal;letter-spacing: normal;text-align: start;text-indent: 0px;text-transform: none\">Informa\u00e7\u00f5es t\u00e9cnicas<\/h4>\n<p><span style=\"margin: 0px;padding: 0px;font-weight: 450;font-size: 14px;line-height: 21px;color: var(--dark-grey2);font-family: Lato, sans-serif;font-style: normal;letter-spacing: normal;text-align: start;text-indent: 0px;text-transform: none\">Tipo: Bateria (Pilha). Tens\u00e3o: 9V. Tipo: Alcalina. Quantidade: 2 Unidades. Marca: Duracell.<\/span><\/p>\n","protected":false},"featured_media":0,"template":"","meta":{"_joinchat":[]},"product_brand":[],"product_cat":[151],"product_tag":[],"class_list":{"0":"post-31083","1":"product","2":"type-product","3":"status-publish","5":"product_cat-pilhas","7":"first","8":"outofstock","9":"shipping-taxable","10":"product-type-simple"},"_links":{"self":[{"href":"https:\/\/www.multicasa.com.br\/inicio\/wp-json\/wp\/v2\/product\/31083","targetHints":{"allow":["GET"]}}],"collection":[{"href":"https:\/\/www.multicasa.com.br\/inicio\/wp-json\/wp\/v2\/product"}],"about":[{"href":"https:\/\/www.multicasa.com.br\/inicio\/wp-json\/wp\/v2\/types\/product"}],"wp:attachment":[{"href":"https:\/\/www.multicasa.com.br\/inicio\/wp-json\/wp\/v2\/media?parent=31083"}],"wp:term":[{"taxonomy":"product_brand","embeddable":true,"href":"https:\/\/www.multicasa.com.br\/inicio\/wp-json\/wp\/v2\/product_brand?post=31083"},{"taxonomy":"product_cat","embeddable":true,"href":"https:\/\/www.multicasa.com.br\/inicio\/wp-json\/wp\/v2\/product_cat?post=31083"},{"taxonomy":"product_tag","embeddable":true,"href":"https:\/\/www.multicasa.com.br\/inicio\/wp-json\/wp\/v2\/product_tag?post=31083"}],"curies":[{"name":"wp","href":"https:\/\/api.w.org\/{rel}","templated":true}]}}