{"id":31088,"date":"2025-12-16T22:18:40","date_gmt":"2025-12-17T02:18:40","guid":{"rendered":"https:\/\/www.multicasa.com.br\/inicio\/produto\/luminaria-emerg-1200lm-5w-biv-blumenau\/"},"modified":"2026-01-06T16:50:17","modified_gmt":"2026-01-06T20:50:17","slug":"luminaria-emerg-1200lm-5w-biv-blumenau","status":"publish","type":"product","link":"https:\/\/www.multicasa.com.br\/inicio\/produto\/luminaria-emerg-1200lm-5w-biv-blumenau\/","title":{"rendered":"LUMINARIA EMERG.1200LM 5W BIV. BLUMENAU"},"content":{"rendered":"<p>LUMINARIA EMERG.1200LM 5W BIV.<\/p>\n","protected":false},"excerpt":{"rendered":"<h4 style=\"margin: 0px;padding: 0px 0px 16px;font-family: Lato, sans-serif;font-weight: bold;line-height: 3rem;color: var(--dark-grey3);font-size: 22px;font-style: normal;letter-spacing: normal;text-align: start;text-indent: 0px;text-transform: none\">Informa\u00e7\u00f5es t\u00e9cnicas<\/h4>\n<p><span style=\"margin: 0px;padding: 0px;font-weight: 450;font-size: 14px;line-height: 21px;color: var(--dark-grey2);font-family: Lato, sans-serif;font-style: normal;letter-spacing: normal;text-align: start;text-indent: 0px;text-transform: none\">Lumin\u00e1ria de emerg\u00eancia 1200 l\u00famens, pot\u00eancia 5W, bivolt autom\u00e1tica, autonomia de at\u00e9 4 horas, corpo em ABS branco e difusor em policarbonato.<\/span><\/p>\n","protected":false},"featured_media":0,"template":"","meta":{"_joinchat":[]},"product_brand":[],"product_cat":[79],"product_tag":[],"class_list":{"0":"post-31088","1":"product","2":"type-product","3":"status-publish","5":"product_cat-iluminacao-decorativa","7":"first","8":"outofstock","9":"shipping-taxable","10":"purchasable","11":"product-type-simple"},"_links":{"self":[{"href":"https:\/\/www.multicasa.com.br\/inicio\/wp-json\/wp\/v2\/product\/31088","targetHints":{"allow":["GET"]}}],"collection":[{"href":"https:\/\/www.multicasa.com.br\/inicio\/wp-json\/wp\/v2\/product"}],"about":[{"href":"https:\/\/www.multicasa.com.br\/inicio\/wp-json\/wp\/v2\/types\/product"}],"wp:attachment":[{"href":"https:\/\/www.multicasa.com.br\/inicio\/wp-json\/wp\/v2\/media?parent=31088"}],"wp:term":[{"taxonomy":"product_brand","embeddable":true,"href":"https:\/\/www.multicasa.com.br\/inicio\/wp-json\/wp\/v2\/product_brand?post=31088"},{"taxonomy":"product_cat","embeddable":true,"href":"https:\/\/www.multicasa.com.br\/inicio\/wp-json\/wp\/v2\/product_cat?post=31088"},{"taxonomy":"product_tag","embeddable":true,"href":"https:\/\/www.multicasa.com.br\/inicio\/wp-json\/wp\/v2\/product_tag?post=31088"}],"curies":[{"name":"wp","href":"https:\/\/api.w.org\/{rel}","templated":true}]}}