{"id":31203,"date":"2025-12-16T22:27:48","date_gmt":"2025-12-17T02:27:48","guid":{"rendered":"https:\/\/www.multicasa.com.br\/inicio\/produto\/tampa-esgoto-ferro-50x50\/"},"modified":"2026-03-31T13:30:26","modified_gmt":"2026-03-31T17:30:26","slug":"tampa-esgoto-ferro-50x50","status":"publish","type":"product","link":"https:\/\/www.multicasa.com.br\/inicio\/produto\/tampa-esgoto-ferro-50x50\/","title":{"rendered":"TAMPA ESGOTO FERRO 50X50"},"content":{"rendered":"<p>Tampa de Ferro para Esgoto 50x50cm<\/p>\n","protected":false},"excerpt":{"rendered":"<h4 style=\"margin: 0px;padding: 0px 0px 16px;font-family: Lato, sans-serif;font-weight: bold;line-height: 3rem;color: var(--dark-grey3);font-size: 22px;font-style: normal;letter-spacing: normal;text-align: start;text-indent: 0px;text-transform: none\">Informa\u00e7\u00f5es t\u00e9cnicas<\/h4>\n<p><span style=\"margin: 0px;padding: 0px;font-weight: 450;font-size: 14px;line-height: 21px;color: var(--dark-grey2);font-family: Lato, sans-serif;font-style: normal;letter-spacing: normal;text-align: start;text-indent: 0px;text-transform: none\">Material: Ferro Fundido. Uso: Caixa de Esgoto\/Inspe\u00e7\u00e3o. Dimens\u00f5es: 50x50cm.<\/span><\/p>\n","protected":false},"featured_media":0,"template":"","meta":{"_joinchat":[]},"product_brand":[],"product_cat":[73],"product_tag":[],"class_list":{"0":"post-31203","1":"product","2":"type-product","3":"status-publish","5":"product_cat-tubos-e-conexoes","7":"first","8":"instock","9":"shipping-taxable","10":"purchasable","11":"product-type-simple"},"_links":{"self":[{"href":"https:\/\/www.multicasa.com.br\/inicio\/wp-json\/wp\/v2\/product\/31203","targetHints":{"allow":["GET"]}}],"collection":[{"href":"https:\/\/www.multicasa.com.br\/inicio\/wp-json\/wp\/v2\/product"}],"about":[{"href":"https:\/\/www.multicasa.com.br\/inicio\/wp-json\/wp\/v2\/types\/product"}],"wp:attachment":[{"href":"https:\/\/www.multicasa.com.br\/inicio\/wp-json\/wp\/v2\/media?parent=31203"}],"wp:term":[{"taxonomy":"product_brand","embeddable":true,"href":"https:\/\/www.multicasa.com.br\/inicio\/wp-json\/wp\/v2\/product_brand?post=31203"},{"taxonomy":"product_cat","embeddable":true,"href":"https:\/\/www.multicasa.com.br\/inicio\/wp-json\/wp\/v2\/product_cat?post=31203"},{"taxonomy":"product_tag","embeddable":true,"href":"https:\/\/www.multicasa.com.br\/inicio\/wp-json\/wp\/v2\/product_tag?post=31203"}],"curies":[{"name":"wp","href":"https:\/\/api.w.org\/{rel}","templated":true}]}}