{"id":31235,"date":"2025-12-16T22:30:35","date_gmt":"2025-12-17T02:30:35","guid":{"rendered":"https:\/\/www.multicasa.com.br\/inicio\/produto\/rodape-autocolante-70mm-10m-meu-rod\/"},"modified":"2025-12-17T14:00:07","modified_gmt":"2025-12-17T18:00:07","slug":"rodape-autocolante-70mm-10m-meu-rod","status":"publish","type":"product","link":"https:\/\/www.multicasa.com.br\/inicio\/produto\/rodape-autocolante-70mm-10m-meu-rod\/","title":{"rendered":"RODAPE AUTOCOLANTE 70MM 10M MEU ROD"},"content":{"rendered":"<p>Rodap\u00e9 Autocolante 70mm 10 Metros<\/p>\n","protected":false},"excerpt":{"rendered":"<h4 style=\"margin: 0px;padding: 0px 0px 16px;font-family: Lato, sans-serif;font-weight: bold;line-height: 3rem;color: var(--dark-grey3);font-size: 22px;font-style: normal;letter-spacing: normal;text-align: start;text-indent: 0px;text-transform: none\">Informa\u00e7\u00f5es t\u00e9cnicas<\/h4>\n<p><span style=\"margin: 0px;padding: 0px;font-weight: 450;font-size: 14px;line-height: 21px;color: var(--dark-grey2);font-family: Lato, sans-serif;font-style: normal;letter-spacing: normal;text-align: start;text-indent: 0px;text-transform: none\">Tipo: Rodap\u00e9. Altura: 70mm. Comprimento: 10 Metros. Detalhes: Autocolante. Marca: Meu Rodap\u00e9.<\/span><\/p>\n","protected":false},"featured_media":0,"template":"","meta":{"_joinchat":[]},"product_brand":[],"product_cat":[147],"product_tag":[],"class_list":{"0":"post-31235","1":"product","2":"type-product","3":"status-publish","5":"product_cat-basicos","7":"first","8":"outofstock","9":"shipping-taxable","10":"product-type-simple"},"_links":{"self":[{"href":"https:\/\/www.multicasa.com.br\/inicio\/wp-json\/wp\/v2\/product\/31235","targetHints":{"allow":["GET"]}}],"collection":[{"href":"https:\/\/www.multicasa.com.br\/inicio\/wp-json\/wp\/v2\/product"}],"about":[{"href":"https:\/\/www.multicasa.com.br\/inicio\/wp-json\/wp\/v2\/types\/product"}],"wp:attachment":[{"href":"https:\/\/www.multicasa.com.br\/inicio\/wp-json\/wp\/v2\/media?parent=31235"}],"wp:term":[{"taxonomy":"product_brand","embeddable":true,"href":"https:\/\/www.multicasa.com.br\/inicio\/wp-json\/wp\/v2\/product_brand?post=31235"},{"taxonomy":"product_cat","embeddable":true,"href":"https:\/\/www.multicasa.com.br\/inicio\/wp-json\/wp\/v2\/product_cat?post=31235"},{"taxonomy":"product_tag","embeddable":true,"href":"https:\/\/www.multicasa.com.br\/inicio\/wp-json\/wp\/v2\/product_tag?post=31235"}],"curies":[{"name":"wp","href":"https:\/\/api.w.org\/{rel}","templated":true}]}}