{"id":31272,"date":"2025-12-16T22:36:12","date_gmt":"2025-12-17T02:36:12","guid":{"rendered":"https:\/\/www.multicasa.com.br\/inicio\/produto\/arame-plastificado-2mmx50m-7634-top\/"},"modified":"2026-02-25T12:33:56","modified_gmt":"2026-02-25T16:33:56","slug":"arame-plastificado-2mmx50m-7634-top","status":"publish","type":"product","link":"https:\/\/www.multicasa.com.br\/inicio\/produto\/arame-plastificado-2mmx50m-7634-top\/","title":{"rendered":"Pote Herm. Vidro 500ML Facilite"},"content":{"rendered":"<p><span>MARCA FACILITE<\/span><br \/><span>&#8211; POTE HERMETICO<\/span><br \/><span>&#8211; CAPACIDADE: 500ML<\/span><br \/><span>&#8211; VALVULA PARA SA\u00c3\u008dDA DE VAPOR<\/span><br \/><span>&#8211; FECHAMENTO HERM\u00c3?TICO COM VEDA\u00c3?\u00c3?O EM SILICONE, INDICADO PARA ALIMENTOS SECOS E LIQU\u00c3\u008dDOS<\/span><br \/><span>&#8211; F\u00c3\u0081CIL DE ABRIR E VER O CONTE\u00c3?DO<\/span><br \/><span>&#8211; EMPILHAVEL<\/span><br \/><span>&#8211; BPA FREE<\/span><br \/><span>&#8211; SUPORTA AT\u00c3? 400\u00c2\u00b0C<\/span><br \/><span>&#8211; PODE SER LEVADO AO FORNO MICROONDAS E FORNO<\/span><\/p>\n","protected":false},"excerpt":{"rendered":"<h4 style=\"margin: 0px;padding: 0px 0px 16px;font-family: Lato, sans-serif;font-weight: bold;line-height: 3rem;color: var(--dark-grey3);font-size: 22px;font-style: normal;letter-spacing: normal;text-align: start;text-indent: 0px;text-transform: none\" data-mce-style=\"margin: 0px; padding: 0px 0px 16px; font-family: Lato, sans-serif; font-weight: bold; line-height: 3rem; color: var(--dark-grey3); font-size: 22px; font-style: normal; letter-spacing: normal; text-align: start; text-indent: 0px; text-transform: none;\">Informa\u00e7\u00f5es t\u00e9cnicas<\/h4>\n<p><span style=\"margin: 0px;padding: 0px;font-weight: 450;font-size: 14px;line-height: 21px;color: var(--dark-grey2);font-family: Lato, sans-serif;font-style: normal;letter-spacing: normal;text-align: start;text-indent: 0px;text-transform: none\" data-mce-style=\"margin: 0px; padding: 0px; font-weight: 450; font-size: 14px; line-height: 21px; color: var(--dark-grey2); font-family: Lato, sans-serif; font-style: normal; letter-spacing: normal; text-align: start; text-indent: 0px; text-transform: none;\">Material de alta qualidade, medidas conforme modelo.<\/span><\/p>\n","protected":false},"featured_media":0,"template":"","meta":{"_joinchat":[]},"product_brand":[],"product_cat":[93],"product_tag":[],"class_list":{"0":"post-31272","1":"product","2":"type-product","3":"status-publish","5":"product_cat-utensilios-para-cozinha","7":"first","8":"instock","9":"shipping-taxable","10":"purchasable","11":"product-type-simple"},"_links":{"self":[{"href":"https:\/\/www.multicasa.com.br\/inicio\/wp-json\/wp\/v2\/product\/31272","targetHints":{"allow":["GET"]}}],"collection":[{"href":"https:\/\/www.multicasa.com.br\/inicio\/wp-json\/wp\/v2\/product"}],"about":[{"href":"https:\/\/www.multicasa.com.br\/inicio\/wp-json\/wp\/v2\/types\/product"}],"wp:attachment":[{"href":"https:\/\/www.multicasa.com.br\/inicio\/wp-json\/wp\/v2\/media?parent=31272"}],"wp:term":[{"taxonomy":"product_brand","embeddable":true,"href":"https:\/\/www.multicasa.com.br\/inicio\/wp-json\/wp\/v2\/product_brand?post=31272"},{"taxonomy":"product_cat","embeddable":true,"href":"https:\/\/www.multicasa.com.br\/inicio\/wp-json\/wp\/v2\/product_cat?post=31272"},{"taxonomy":"product_tag","embeddable":true,"href":"https:\/\/www.multicasa.com.br\/inicio\/wp-json\/wp\/v2\/product_tag?post=31272"}],"curies":[{"name":"wp","href":"https:\/\/api.w.org\/{rel}","templated":true}]}}