{"id":31291,"date":"2025-12-16T22:37:42","date_gmt":"2025-12-17T02:37:42","guid":{"rendered":"https:\/\/www.multicasa.com.br\/inicio\/produto\/misturador-tinta-400x60mm-worker\/"},"modified":"2026-02-13T10:30:40","modified_gmt":"2026-02-13T14:30:40","slug":"misturador-tinta-400x60mm-worker","status":"publish","type":"product","link":"https:\/\/www.multicasa.com.br\/inicio\/produto\/misturador-tinta-400x60mm-worker\/","title":{"rendered":"MISTURADOR TINTA 400X60MM WORKER"},"content":{"rendered":"<p>Misturador de Tinta 400x60mm Worker<\/p>\n","protected":false},"excerpt":{"rendered":"<h4 style=\"margin: 0px;padding: 0px 0px 16px;font-family: Lato, sans-serif;font-weight: bold;line-height: 3rem;color: var(--dark-grey3);font-size: 22px;font-style: normal;letter-spacing: normal;text-align: start;text-indent: 0px;text-transform: none\">Informa\u00e7\u00f5es t\u00e9cnicas<\/h4>\n<p><span style=\"margin: 0px;padding: 0px;font-weight: 450;font-size: 14px;line-height: 21px;color: var(--dark-grey2);font-family: Lato, sans-serif;font-style: normal;letter-spacing: normal;text-align: start;text-indent: 0px;text-transform: none\">Tipo: Misturador (Haste). Dimens\u00f5es: 400 x 60mm. Uso: Adapt\u00e1vel \u00e0 furadeira para misturar tintas e massas. Marca: Worker.<\/span><\/p>\n","protected":false},"featured_media":0,"template":"","meta":{"_joinchat":[]},"product_brand":[],"product_cat":[152],"product_tag":[],"class_list":{"0":"post-31291","1":"product","2":"type-product","3":"status-publish","5":"product_cat-ferramentas-eletricas","7":"first","8":"outofstock","9":"shipping-taxable","10":"purchasable","11":"product-type-simple"},"_links":{"self":[{"href":"https:\/\/www.multicasa.com.br\/inicio\/wp-json\/wp\/v2\/product\/31291","targetHints":{"allow":["GET"]}}],"collection":[{"href":"https:\/\/www.multicasa.com.br\/inicio\/wp-json\/wp\/v2\/product"}],"about":[{"href":"https:\/\/www.multicasa.com.br\/inicio\/wp-json\/wp\/v2\/types\/product"}],"wp:attachment":[{"href":"https:\/\/www.multicasa.com.br\/inicio\/wp-json\/wp\/v2\/media?parent=31291"}],"wp:term":[{"taxonomy":"product_brand","embeddable":true,"href":"https:\/\/www.multicasa.com.br\/inicio\/wp-json\/wp\/v2\/product_brand?post=31291"},{"taxonomy":"product_cat","embeddable":true,"href":"https:\/\/www.multicasa.com.br\/inicio\/wp-json\/wp\/v2\/product_cat?post=31291"},{"taxonomy":"product_tag","embeddable":true,"href":"https:\/\/www.multicasa.com.br\/inicio\/wp-json\/wp\/v2\/product_tag?post=31291"}],"curies":[{"name":"wp","href":"https:\/\/api.w.org\/{rel}","templated":true}]}}