{"id":31329,"date":"2025-12-16T22:39:25","date_gmt":"2025-12-17T02:39:25","guid":{"rendered":"https:\/\/www.multicasa.com.br\/inicio\/produto\/eletroduto-pvc-roscavel-2-andaluz\/"},"modified":"2026-04-07T11:30:25","modified_gmt":"2026-04-07T15:30:25","slug":"eletroduto-pvc-roscavel-2-andaluz","status":"publish","type":"product","link":"https:\/\/www.multicasa.com.br\/inicio\/produto\/eletroduto-pvc-roscavel-2-andaluz\/","title":{"rendered":"ELETRODUTO PVC ROSCAVEL 2&#8243; ANDALUZ"},"content":{"rendered":"<p>Eletroduto PVC R\u00edgido Rosc\u00e1vel 2&#8243; Andaluz<\/p>\n","protected":false},"excerpt":{"rendered":"<h4 style=\"margin: 0px;padding: 0px 0px 16px;font-family: Lato, sans-serif;font-weight: bold;line-height: 3rem;color: var(--dark-grey3);font-size: 22px;font-style: normal;letter-spacing: normal;text-align: start;text-indent: 0px;text-transform: none\">Informa\u00e7\u00f5es t\u00e9cnicas<\/h4>\n<p><span style=\"margin: 0px;padding: 0px;font-weight: 450;font-size: 14px;line-height: 21px;color: var(--dark-grey2);font-family: Lato, sans-serif;font-style: normal;letter-spacing: normal;text-align: start;text-indent: 0px;text-transform: none\">Tipo: Eletroduto R\u00edgido. Material: PVC Rosc\u00e1vel. Di\u00e2metro: 2 polegadas. Comprimento: 3 Metros (Padr\u00e3o). Marca: Andaluz.<\/span><\/p>\n","protected":false},"featured_media":0,"template":"","meta":{"_joinchat":[]},"product_brand":[],"product_cat":[119],"product_tag":[],"class_list":{"0":"post-31329","1":"product","2":"type-product","3":"status-publish","5":"product_cat-materiais-eletricos","7":"first","8":"instock","9":"shipping-taxable","10":"purchasable","11":"product-type-simple"},"_links":{"self":[{"href":"https:\/\/www.multicasa.com.br\/inicio\/wp-json\/wp\/v2\/product\/31329","targetHints":{"allow":["GET"]}}],"collection":[{"href":"https:\/\/www.multicasa.com.br\/inicio\/wp-json\/wp\/v2\/product"}],"about":[{"href":"https:\/\/www.multicasa.com.br\/inicio\/wp-json\/wp\/v2\/types\/product"}],"wp:attachment":[{"href":"https:\/\/www.multicasa.com.br\/inicio\/wp-json\/wp\/v2\/media?parent=31329"}],"wp:term":[{"taxonomy":"product_brand","embeddable":true,"href":"https:\/\/www.multicasa.com.br\/inicio\/wp-json\/wp\/v2\/product_brand?post=31329"},{"taxonomy":"product_cat","embeddable":true,"href":"https:\/\/www.multicasa.com.br\/inicio\/wp-json\/wp\/v2\/product_cat?post=31329"},{"taxonomy":"product_tag","embeddable":true,"href":"https:\/\/www.multicasa.com.br\/inicio\/wp-json\/wp\/v2\/product_tag?post=31329"}],"curies":[{"name":"wp","href":"https:\/\/api.w.org\/{rel}","templated":true}]}}