{"id":31348,"date":"2025-12-16T22:42:52","date_gmt":"2025-12-17T02:42:52","guid":{"rendered":"https:\/\/www.multicasa.com.br\/inicio\/produto\/refletor-led-50w-6-5k-ip66-cristall\/"},"modified":"2026-04-18T10:20:20","modified_gmt":"2026-04-18T14:20:20","slug":"refletor-led-50w-6-5k-ip66-cristall","status":"publish","type":"product","link":"https:\/\/www.multicasa.com.br\/inicio\/produto\/refletor-led-50w-6-5k-ip66-cristall\/","title":{"rendered":"REFLETOR LED 50W 6.5K IP66 CRISTALL"},"content":{"rendered":"<p>Refletor LED 50W 6500K IP66 Cristal Luminas<\/p>\n","protected":false},"excerpt":{"rendered":"<h4 style=\"margin: 0px; padding: 0px 0px 16px; font-family: Lato, sans-serif; font-weight: bold; line-height: 3rem; color: var(--dark-grey3); font-size: 22px; font-style: normal; letter-spacing: normal; text-align: start; text-indent: 0px; text-transform: none;\">Informa\u00e7\u00f5es t\u00e9cnicas<\/h4>\n<p><span style=\"margin: 0px; padding: 0px; font-weight: 450; font-size: 14px; line-height: 21px; color: var(--dark-grey2); font-family: Lato, sans-serif; font-style: normal; letter-spacing: normal; text-align: start; text-indent: 0px; text-transform: none;\">Tipo: Refletor LED. Pot\u00eancia: 50W. Cor: 6500K (Branco Frio). Prote\u00e7\u00e3o: IP66. Marca: Cristal Luminas.<\/span><\/p>\n","protected":false},"featured_media":0,"template":"","meta":{"_joinchat":[]},"product_brand":[],"product_cat":[78],"product_tag":[],"class_list":{"0":"post-31348","1":"product","2":"type-product","3":"status-publish","5":"product_cat-iluminacao-comercial","7":"first","8":"instock","9":"featured","10":"shipping-taxable","11":"purchasable","12":"product-type-simple"},"_links":{"self":[{"href":"https:\/\/www.multicasa.com.br\/inicio\/wp-json\/wp\/v2\/product\/31348","targetHints":{"allow":["GET"]}}],"collection":[{"href":"https:\/\/www.multicasa.com.br\/inicio\/wp-json\/wp\/v2\/product"}],"about":[{"href":"https:\/\/www.multicasa.com.br\/inicio\/wp-json\/wp\/v2\/types\/product"}],"wp:attachment":[{"href":"https:\/\/www.multicasa.com.br\/inicio\/wp-json\/wp\/v2\/media?parent=31348"}],"wp:term":[{"taxonomy":"product_brand","embeddable":true,"href":"https:\/\/www.multicasa.com.br\/inicio\/wp-json\/wp\/v2\/product_brand?post=31348"},{"taxonomy":"product_cat","embeddable":true,"href":"https:\/\/www.multicasa.com.br\/inicio\/wp-json\/wp\/v2\/product_cat?post=31348"},{"taxonomy":"product_tag","embeddable":true,"href":"https:\/\/www.multicasa.com.br\/inicio\/wp-json\/wp\/v2\/product_tag?post=31348"}],"curies":[{"name":"wp","href":"https:\/\/api.w.org\/{rel}","templated":true}]}}