{"id":31407,"date":"2025-12-16T22:47:30","date_gmt":"2025-12-17T02:47:30","guid":{"rendered":"https:\/\/www.multicasa.com.br\/inicio\/produto\/conjunto-p-micro-retifica-c-250-ing\/"},"modified":"2025-12-17T14:06:31","modified_gmt":"2025-12-17T18:06:31","slug":"conjunto-p-micro-retifica-c-250-ing","status":"publish","type":"product","link":"https:\/\/www.multicasa.com.br\/inicio\/produto\/conjunto-p-micro-retifica-c-250-ing\/","title":{"rendered":"CONJUNTO P\/MICRO RETIFICA C\/250 ING"},"content":{"rendered":"<p>Kit Acess\u00f3rios para Micro Ret\u00edfica com 250 Pe\u00e7as Ingco<\/p>\n","protected":false},"excerpt":{"rendered":"<h4 style=\"margin: 0px;padding: 0px 0px 16px;font-family: Lato, sans-serif;font-weight: bold;line-height: 3rem;color: var(--dark-grey3);font-size: 22px;font-style: normal;letter-spacing: normal;text-align: start;text-indent: 0px;text-transform: none\">Informa\u00e7\u00f5es t\u00e9cnicas<\/h4>\n<p><span style=\"margin: 0px;padding: 0px;font-weight: 450;font-size: 14px;line-height: 21px;color: var(--dark-grey2);font-family: Lato, sans-serif;font-style: normal;letter-spacing: normal;text-align: start;text-indent: 0px;text-transform: none\">Tipo: Kit Acess\u00f3rios. Uso: Micro Ret\u00edfica (Lixar, Polir, Cortar, Gravar, Fresar). Quantidade: 250 Pe\u00e7as. Compatibilidade: Universal (Hastes padr\u00e3o). Marca: Ingco.<\/span><\/p>\n","protected":false},"featured_media":0,"template":"","meta":{"_joinchat":[]},"product_brand":[],"product_cat":[152],"product_tag":[],"class_list":{"0":"post-31407","1":"product","2":"type-product","3":"status-publish","5":"product_cat-ferramentas-eletricas","7":"first","8":"instock","9":"shipping-taxable","10":"purchasable","11":"product-type-simple"},"_links":{"self":[{"href":"https:\/\/www.multicasa.com.br\/inicio\/wp-json\/wp\/v2\/product\/31407","targetHints":{"allow":["GET"]}}],"collection":[{"href":"https:\/\/www.multicasa.com.br\/inicio\/wp-json\/wp\/v2\/product"}],"about":[{"href":"https:\/\/www.multicasa.com.br\/inicio\/wp-json\/wp\/v2\/types\/product"}],"wp:attachment":[{"href":"https:\/\/www.multicasa.com.br\/inicio\/wp-json\/wp\/v2\/media?parent=31407"}],"wp:term":[{"taxonomy":"product_brand","embeddable":true,"href":"https:\/\/www.multicasa.com.br\/inicio\/wp-json\/wp\/v2\/product_brand?post=31407"},{"taxonomy":"product_cat","embeddable":true,"href":"https:\/\/www.multicasa.com.br\/inicio\/wp-json\/wp\/v2\/product_cat?post=31407"},{"taxonomy":"product_tag","embeddable":true,"href":"https:\/\/www.multicasa.com.br\/inicio\/wp-json\/wp\/v2\/product_tag?post=31407"}],"curies":[{"name":"wp","href":"https:\/\/api.w.org\/{rel}","templated":true}]}}