{"id":31567,"date":"2025-12-16T23:00:16","date_gmt":"2025-12-17T03:00:16","guid":{"rendered":"https:\/\/www.multicasa.com.br\/inicio\/produto\/ponteira-pvc-red-5-8-ct4-tr-talento\/"},"modified":"2026-03-31T09:00:36","modified_gmt":"2026-03-31T13:00:36","slug":"ponteira-pvc-red-5-8-ct4-tr-talento","status":"publish","type":"product","link":"https:\/\/www.multicasa.com.br\/inicio\/produto\/ponteira-pvc-red-5-8-ct4-tr-talento\/","title":{"rendered":"PONTEIRA PVC RED.5\/8 CT4 TR TALENTO"},"content":{"rendered":"<p>Ponteira PVC Redonda 5\/8&#8243; Cartela c\/4 Transparente Talento<\/p>\n","protected":false},"excerpt":{"rendered":"<h4 style=\"margin: 0px;padding: 0px 0px 16px;font-family: Lato, sans-serif;font-weight: bold;line-height: 3rem;color: var(--dark-grey3);font-size: 22px;font-style: normal;letter-spacing: normal;text-align: start;text-indent: 0px;text-transform: none\">Informa\u00e7\u00f5es t\u00e9cnicas<\/h4>\n<p><span style=\"margin: 0px;padding: 0px;font-weight: 450;font-size: 14px;line-height: 21px;color: var(--dark-grey2);font-family: Lato, sans-serif;font-style: normal;letter-spacing: normal;text-align: start;text-indent: 0px;text-transform: none\">Tipo: Ponteira (Protetor). Formato: Redonda. Medida: 5\/8 polegada. Quantidade: 4 Pe\u00e7as. Cor: Transparente (TR). Marca: Talento.<\/span><\/p>\n","protected":false},"featured_media":0,"template":"","meta":{"_joinchat":[]},"product_brand":[],"product_cat":[141],"product_tag":[],"class_list":{"0":"post-31567","1":"product","2":"type-product","3":"status-publish","5":"product_cat-marcenaria","7":"first","8":"instock","9":"shipping-taxable","10":"purchasable","11":"product-type-simple"},"_links":{"self":[{"href":"https:\/\/www.multicasa.com.br\/inicio\/wp-json\/wp\/v2\/product\/31567","targetHints":{"allow":["GET"]}}],"collection":[{"href":"https:\/\/www.multicasa.com.br\/inicio\/wp-json\/wp\/v2\/product"}],"about":[{"href":"https:\/\/www.multicasa.com.br\/inicio\/wp-json\/wp\/v2\/types\/product"}],"wp:attachment":[{"href":"https:\/\/www.multicasa.com.br\/inicio\/wp-json\/wp\/v2\/media?parent=31567"}],"wp:term":[{"taxonomy":"product_brand","embeddable":true,"href":"https:\/\/www.multicasa.com.br\/inicio\/wp-json\/wp\/v2\/product_brand?post=31567"},{"taxonomy":"product_cat","embeddable":true,"href":"https:\/\/www.multicasa.com.br\/inicio\/wp-json\/wp\/v2\/product_cat?post=31567"},{"taxonomy":"product_tag","embeddable":true,"href":"https:\/\/www.multicasa.com.br\/inicio\/wp-json\/wp\/v2\/product_tag?post=31567"}],"curies":[{"name":"wp","href":"https:\/\/api.w.org\/{rel}","templated":true}]}}