{"id":31699,"date":"2025-12-16T23:45:04","date_gmt":"2025-12-17T03:45:04","guid":{"rendered":"https:\/\/www.multicasa.com.br\/inicio\/produto\/acabamento-11-4a11-2-c35-cr-deca\/"},"modified":"2026-03-25T16:01:25","modified_gmt":"2026-03-25T20:01:25","slug":"acabamento-11-4a11-2-c35-cr-deca","status":"publish","type":"product","link":"https:\/\/www.multicasa.com.br\/inicio\/produto\/acabamento-11-4a11-2-c35-cr-deca\/","title":{"rendered":"ACABAMENTO 11\/4A11\/2 C35 CR DECA"},"content":{"rendered":"<p>Acabamento Cromado Deca 1.1\/4&#8243; a 1.1\/2&#8243;<\/p>\n","protected":false},"excerpt":{"rendered":"<h4 style=\"margin: 0px;padding: 0px 0px 16px;font-family: Lato, sans-serif;font-weight: bold;line-height: 3rem;color: var(--dark-grey3);font-size: 22px;font-style: normal;letter-spacing: normal;text-align: start;text-indent: 0px;text-transform: none\">Informa\u00e7\u00f5es t\u00e9cnicas<\/h4>\n<p><span style=\"margin: 0px;padding: 0px;font-weight: 450;font-size: 14px;line-height: 21px;color: var(--dark-grey2);font-family: Lato, sans-serif;font-style: normal;letter-spacing: normal;text-align: start;text-indent: 0px;text-transform: none\">Material: Metal\/Liga. Acabamento: Cromado (C35). Aplica\u00e7\u00e3o: V\u00e1lvulas ou Registros de 1.1\/4&#8243; a 1.1\/2&#8243;. Marca: Deca.<\/span><\/p>\n","protected":false},"featured_media":0,"template":"","meta":{"_joinchat":[]},"product_brand":[],"product_cat":[67],"product_tag":[],"class_list":{"0":"post-31699","1":"product","2":"type-product","3":"status-publish","5":"product_cat-torneiras-e-cia","7":"first","8":"outofstock","9":"shipping-taxable","10":"purchasable","11":"product-type-simple"},"_links":{"self":[{"href":"https:\/\/www.multicasa.com.br\/inicio\/wp-json\/wp\/v2\/product\/31699","targetHints":{"allow":["GET"]}}],"collection":[{"href":"https:\/\/www.multicasa.com.br\/inicio\/wp-json\/wp\/v2\/product"}],"about":[{"href":"https:\/\/www.multicasa.com.br\/inicio\/wp-json\/wp\/v2\/types\/product"}],"wp:attachment":[{"href":"https:\/\/www.multicasa.com.br\/inicio\/wp-json\/wp\/v2\/media?parent=31699"}],"wp:term":[{"taxonomy":"product_brand","embeddable":true,"href":"https:\/\/www.multicasa.com.br\/inicio\/wp-json\/wp\/v2\/product_brand?post=31699"},{"taxonomy":"product_cat","embeddable":true,"href":"https:\/\/www.multicasa.com.br\/inicio\/wp-json\/wp\/v2\/product_cat?post=31699"},{"taxonomy":"product_tag","embeddable":true,"href":"https:\/\/www.multicasa.com.br\/inicio\/wp-json\/wp\/v2\/product_tag?post=31699"}],"curies":[{"name":"wp","href":"https:\/\/api.w.org\/{rel}","templated":true}]}}