{"id":31707,"date":"2025-12-16T23:45:42","date_gmt":"2025-12-17T03:45:42","guid":{"rendered":"https:\/\/www.multicasa.com.br\/inicio\/produto\/zapt-recupera-rejunte-200ml-cz-fort\/"},"modified":"2025-12-17T16:33:36","modified_gmt":"2025-12-17T20:33:36","slug":"zapt-recupera-rejunte-200ml-cz-fort","status":"publish","type":"product","link":"https:\/\/www.multicasa.com.br\/inicio\/produto\/zapt-recupera-rejunte-200ml-cz-fort\/","title":{"rendered":"ZAPT RECUPERA REJUNTE 200ML CZ FORT"},"content":{"rendered":"<p>Zapt Recupera Rejunte 200ml Cinza Fortaleza<\/p>\n","protected":false},"excerpt":{"rendered":"<h4 style=\"margin: 0px;padding: 0px 0px 16px;font-family: Lato, sans-serif;font-weight: bold;line-height: 3rem;color: var(--dark-grey3);font-size: 22px;font-style: normal;letter-spacing: normal;text-align: start;text-indent: 0px;text-transform: none\">Informa\u00e7\u00f5es t\u00e9cnicas<\/h4>\n<p><span style=\"margin: 0px;padding: 0px;font-weight: 450;font-size: 14px;line-height: 21px;color: var(--dark-grey2);font-family: Lato, sans-serif;font-style: normal;letter-spacing: normal;text-align: start;text-indent: 0px;text-transform: none\">Produto: L\u00edquido Recuperador de Rejunte. Volume: 200ml. Cor: Cinza (CZ). Marca: Fortaleza.<\/span><\/p>\n","protected":false},"featured_media":0,"template":"","meta":{"_joinchat":[]},"product_brand":[],"product_cat":[143],"product_tag":[],"class_list":{"0":"post-31707","1":"product","2":"type-product","3":"status-publish","5":"product_cat-tintas-e-cia","7":"first","8":"outofstock","9":"shipping-taxable","10":"purchasable","11":"product-type-simple"},"_links":{"self":[{"href":"https:\/\/www.multicasa.com.br\/inicio\/wp-json\/wp\/v2\/product\/31707","targetHints":{"allow":["GET"]}}],"collection":[{"href":"https:\/\/www.multicasa.com.br\/inicio\/wp-json\/wp\/v2\/product"}],"about":[{"href":"https:\/\/www.multicasa.com.br\/inicio\/wp-json\/wp\/v2\/types\/product"}],"wp:attachment":[{"href":"https:\/\/www.multicasa.com.br\/inicio\/wp-json\/wp\/v2\/media?parent=31707"}],"wp:term":[{"taxonomy":"product_brand","embeddable":true,"href":"https:\/\/www.multicasa.com.br\/inicio\/wp-json\/wp\/v2\/product_brand?post=31707"},{"taxonomy":"product_cat","embeddable":true,"href":"https:\/\/www.multicasa.com.br\/inicio\/wp-json\/wp\/v2\/product_cat?post=31707"},{"taxonomy":"product_tag","embeddable":true,"href":"https:\/\/www.multicasa.com.br\/inicio\/wp-json\/wp\/v2\/product_tag?post=31707"}],"curies":[{"name":"wp","href":"https:\/\/api.w.org\/{rel}","templated":true}]}}