{"id":31746,"date":"2025-12-16T23:48:55","date_gmt":"2025-12-17T03:48:55","guid":{"rendered":"https:\/\/www.multicasa.com.br\/inicio\/produto\/prateleira-natural-200x30cm-tramont\/"},"modified":"2025-12-17T14:36:58","modified_gmt":"2025-12-17T18:36:58","slug":"prateleira-natural-200x30cm-tramont","status":"publish","type":"product","link":"https:\/\/www.multicasa.com.br\/inicio\/produto\/prateleira-natural-200x30cm-tramont\/","title":{"rendered":"PRATELEIRA NATURAL 200X30CM TRAMONT"},"content":{"rendered":"<p>Prateleira Natural 200X30Cm<\/p>\n","protected":false},"excerpt":{"rendered":"<h4 style=\"margin: 0px;padding: 0px 0px 16px;font-family: Lato, sans-serif;font-weight: bold;line-height: 3rem;color: var(--dark-grey3);font-size: 22px;font-style: normal;letter-spacing: normal;text-align: start;text-indent: 0px;text-transform: none\">Informa\u00e7\u00f5es t\u00e9cnicas<\/h4>\n<p><span style=\"margin: 0px;padding: 0px;font-weight: 450;font-size: 14px;line-height: 21px;color: var(--dark-grey2);font-family: Lato, sans-serif;font-style: normal;letter-spacing: normal;text-align: start;text-indent: 0px;text-transform: none\">Prateleira em madeira\/natural 200 x 30 cm, indicada para organiza\u00e7\u00e3o e decora\u00e7\u00e3o, espessura padr\u00e3o, pode ser aplicada com m\u00e3o francesa\/suportes, uso interno.<\/span><\/p>\n","protected":false},"featured_media":0,"template":"","meta":{"_joinchat":[]},"product_brand":[],"product_cat":[146],"product_tag":[],"class_list":{"0":"post-31746","1":"product","2":"type-product","3":"status-publish","5":"product_cat-prateleiras-e-cia","7":"first","8":"outofstock","9":"shipping-taxable","10":"purchasable","11":"product-type-simple"},"_links":{"self":[{"href":"https:\/\/www.multicasa.com.br\/inicio\/wp-json\/wp\/v2\/product\/31746","targetHints":{"allow":["GET"]}}],"collection":[{"href":"https:\/\/www.multicasa.com.br\/inicio\/wp-json\/wp\/v2\/product"}],"about":[{"href":"https:\/\/www.multicasa.com.br\/inicio\/wp-json\/wp\/v2\/types\/product"}],"wp:attachment":[{"href":"https:\/\/www.multicasa.com.br\/inicio\/wp-json\/wp\/v2\/media?parent=31746"}],"wp:term":[{"taxonomy":"product_brand","embeddable":true,"href":"https:\/\/www.multicasa.com.br\/inicio\/wp-json\/wp\/v2\/product_brand?post=31746"},{"taxonomy":"product_cat","embeddable":true,"href":"https:\/\/www.multicasa.com.br\/inicio\/wp-json\/wp\/v2\/product_cat?post=31746"},{"taxonomy":"product_tag","embeddable":true,"href":"https:\/\/www.multicasa.com.br\/inicio\/wp-json\/wp\/v2\/product_tag?post=31746"}],"curies":[{"name":"wp","href":"https:\/\/api.w.org\/{rel}","templated":true}]}}