{"id":31760,"date":"2025-12-16T23:50:03","date_gmt":"2025-12-17T03:50:03","guid":{"rendered":"https:\/\/www.multicasa.com.br\/inicio\/produto\/lapis-preto-sextavado-hb-n2-4un-bic\/"},"modified":"2026-04-01T10:20:45","modified_gmt":"2026-04-01T14:20:45","slug":"lapis-preto-sextavado-hb-n2-4un-bic","status":"publish","type":"product","link":"https:\/\/www.multicasa.com.br\/inicio\/produto\/lapis-preto-sextavado-hb-n2-4un-bic\/","title":{"rendered":"LAPIS PRETO SEXTAVADO HB N2 4UN BIC"},"content":{"rendered":"<p>L\u00e1pis Preto Sextavado HB N\u00b02 Cartela c\/4 BIC<\/p>\n","protected":false},"excerpt":{"rendered":"<h4 style=\"margin: 0px;padding: 0px 0px 16px;font-family: Lato, sans-serif;font-weight: bold;line-height: 3rem;color: var(--dark-grey3);font-size: 22px;font-style: normal;letter-spacing: normal;text-align: start;text-indent: 0px;text-transform: none\">Informa\u00e7\u00f5es t\u00e9cnicas<\/h4>\n<p><span style=\"margin: 0px;padding: 0px;font-weight: 450;font-size: 14px;line-height: 21px;color: var(--dark-grey2);font-family: Lato, sans-serif;font-style: normal;letter-spacing: normal;text-align: start;text-indent: 0px;text-transform: none\">Tipo: L\u00e1pis Preto. Gradua\u00e7\u00e3o: HB N\u00b02. Formato: Sextavado. Quantidade: Cartela com 4 unidades. Marca: BIC.<\/span><\/p>\n","protected":false},"featured_media":0,"template":"","meta":{"_joinchat":[]},"product_brand":[],"product_cat":[97],"product_tag":[],"class_list":{"0":"post-31760","1":"product","2":"type-product","3":"status-publish","5":"product_cat-papelaria","7":"first","8":"instock","9":"shipping-taxable","10":"purchasable","11":"product-type-simple"},"_links":{"self":[{"href":"https:\/\/www.multicasa.com.br\/inicio\/wp-json\/wp\/v2\/product\/31760","targetHints":{"allow":["GET"]}}],"collection":[{"href":"https:\/\/www.multicasa.com.br\/inicio\/wp-json\/wp\/v2\/product"}],"about":[{"href":"https:\/\/www.multicasa.com.br\/inicio\/wp-json\/wp\/v2\/types\/product"}],"wp:attachment":[{"href":"https:\/\/www.multicasa.com.br\/inicio\/wp-json\/wp\/v2\/media?parent=31760"}],"wp:term":[{"taxonomy":"product_brand","embeddable":true,"href":"https:\/\/www.multicasa.com.br\/inicio\/wp-json\/wp\/v2\/product_brand?post=31760"},{"taxonomy":"product_cat","embeddable":true,"href":"https:\/\/www.multicasa.com.br\/inicio\/wp-json\/wp\/v2\/product_cat?post=31760"},{"taxonomy":"product_tag","embeddable":true,"href":"https:\/\/www.multicasa.com.br\/inicio\/wp-json\/wp\/v2\/product_tag?post=31760"}],"curies":[{"name":"wp","href":"https:\/\/api.w.org\/{rel}","templated":true}]}}