{"id":36267,"date":"2026-03-11T16:14:10","date_gmt":"2026-03-11T20:14:10","guid":{"rendered":"https:\/\/www.multicasa.com.br\/inicio\/produto\/condulete-de-pvc-1-com-6-entradas-1-2-a1-preto-clc\/"},"modified":"2026-04-24T16:00:20","modified_gmt":"2026-04-24T20:00:20","slug":"condulete-de-pvc-1-com-6-entradas-1-2-a1-preto-clc","status":"publish","type":"product","link":"https:\/\/www.multicasa.com.br\/inicio\/produto\/condulete-de-pvc-1-com-6-entradas-1-2-a1-preto-clc\/","title":{"rendered":"Condulete de PVC 1&#8243; com 6 Entradas 1\/2 A1 Preto CLC"},"content":{"rendered":"<p>Bitola: 1&#8243;; Entradas: 6x 1\/2&#8243;; Cor: Preto; Modelo: A1.<\/p>\n","protected":false},"excerpt":{"rendered":"<h4 style=\"margin: 0px;padding: 0px 0px 16px;font-family: Lato, sans-serif;font-weight: bold;line-height: 3rem;color: var(--dark-grey3);font-size: 22px;font-style: normal;letter-spacing: normal;text-align: start;text-indent: 0px;text-transform: none\">Informa\u00e7\u00f5es t\u00e9cnicas<\/h4>\n<p><span style=\"margin: 0px;padding: 0px;font-weight: 450;font-size: 14px;line-height: 21px;color: var(--dark-grey2);font-family: Lato, sans-serif;font-style: normal;letter-spacing: normal;text-align: start;text-indent: 0px;text-transform: none\">condulete-pvc-1-6-entradas-1-2-a1-preto-clc<\/span><\/p>\n","protected":false},"featured_media":0,"template":"","meta":{"_joinchat":[]},"product_brand":[],"product_cat":[119],"product_tag":[],"class_list":{"0":"post-36267","1":"product","2":"type-product","3":"status-publish","5":"product_cat-materiais-eletricos","7":"first","8":"instock","9":"shipping-taxable","10":"purchasable","11":"product-type-simple"},"_links":{"self":[{"href":"https:\/\/www.multicasa.com.br\/inicio\/wp-json\/wp\/v2\/product\/36267","targetHints":{"allow":["GET"]}}],"collection":[{"href":"https:\/\/www.multicasa.com.br\/inicio\/wp-json\/wp\/v2\/product"}],"about":[{"href":"https:\/\/www.multicasa.com.br\/inicio\/wp-json\/wp\/v2\/types\/product"}],"wp:attachment":[{"href":"https:\/\/www.multicasa.com.br\/inicio\/wp-json\/wp\/v2\/media?parent=36267"}],"wp:term":[{"taxonomy":"product_brand","embeddable":true,"href":"https:\/\/www.multicasa.com.br\/inicio\/wp-json\/wp\/v2\/product_brand?post=36267"},{"taxonomy":"product_cat","embeddable":true,"href":"https:\/\/www.multicasa.com.br\/inicio\/wp-json\/wp\/v2\/product_cat?post=36267"},{"taxonomy":"product_tag","embeddable":true,"href":"https:\/\/www.multicasa.com.br\/inicio\/wp-json\/wp\/v2\/product_tag?post=36267"}],"curies":[{"name":"wp","href":"https:\/\/api.w.org\/{rel}","templated":true}]}}