{"id":36441,"date":"2026-03-11T16:24:24","date_gmt":"2026-03-11T20:24:24","guid":{"rendered":"https:\/\/www.multicasa.com.br\/inicio\/produto\/torre-de-tomada-1-tomada-2-usb-a-c-e-inducao-preto\/"},"modified":"2026-04-19T13:40:16","modified_gmt":"2026-04-19T17:40:16","slug":"torre-de-tomada-1-tomada-2-usb-a-c-e-inducao-preto","status":"publish","type":"product","link":"https:\/\/www.multicasa.com.br\/inicio\/produto\/torre-de-tomada-1-tomada-2-usb-a-c-e-inducao-preto\/","title":{"rendered":"Torre de Tomada 1 Tomada + 2 USB A\/C e Indu\u00e7\u00e3o Preto"},"content":{"rendered":"<p>Sa\u00eddas: 1T + USB A\/C + Indu\u00e7\u00e3o; Cor: Preto; Marca: Pix.<\/p>\n","protected":false},"excerpt":{"rendered":"<h4 style=\"margin: 0px;padding: 0px 0px 16px;font-family: Lato, sans-serif;font-weight: bold;line-height: 3rem;color: var(--dark-grey3);font-size: 22px;font-style: normal;letter-spacing: normal;text-align: start;text-indent: 0px;text-transform: none\">Informa\u00e7\u00f5es t\u00e9cnicas<\/h4>\n<p><span style=\"margin: 0px;padding: 0px;font-weight: 450;font-size: 14px;line-height: 21px;color: var(--dark-grey2);font-family: Lato, sans-serif;font-style: normal;letter-spacing: normal;text-align: start;text-indent: 0px;text-transform: none\">torre-tomada-1t-2usb-inducao-preto-pix<\/span><\/p>\n","protected":false},"featured_media":0,"template":"","meta":{"_joinchat":[]},"product_brand":[],"product_cat":[144],"product_tag":[],"class_list":{"0":"post-36441","1":"product","2":"type-product","3":"status-publish","5":"product_cat-tomadas-e-cia","7":"first","8":"instock","9":"shipping-taxable","10":"purchasable","11":"product-type-simple"},"_links":{"self":[{"href":"https:\/\/www.multicasa.com.br\/inicio\/wp-json\/wp\/v2\/product\/36441","targetHints":{"allow":["GET"]}}],"collection":[{"href":"https:\/\/www.multicasa.com.br\/inicio\/wp-json\/wp\/v2\/product"}],"about":[{"href":"https:\/\/www.multicasa.com.br\/inicio\/wp-json\/wp\/v2\/types\/product"}],"wp:attachment":[{"href":"https:\/\/www.multicasa.com.br\/inicio\/wp-json\/wp\/v2\/media?parent=36441"}],"wp:term":[{"taxonomy":"product_brand","embeddable":true,"href":"https:\/\/www.multicasa.com.br\/inicio\/wp-json\/wp\/v2\/product_brand?post=36441"},{"taxonomy":"product_cat","embeddable":true,"href":"https:\/\/www.multicasa.com.br\/inicio\/wp-json\/wp\/v2\/product_cat?post=36441"},{"taxonomy":"product_tag","embeddable":true,"href":"https:\/\/www.multicasa.com.br\/inicio\/wp-json\/wp\/v2\/product_tag?post=36441"}],"curies":[{"name":"wp","href":"https:\/\/api.w.org\/{rel}","templated":true}]}}