{"id":36564,"date":"2026-03-11T16:34:26","date_gmt":"2026-03-11T20:34:26","guid":{"rendered":"https:\/\/www.multicasa.com.br\/inicio\/produto\/disco-de-pvc-4-1-2-para-lixadeira-com-fixa-facil\/"},"modified":"2026-03-11T18:51:50","modified_gmt":"2026-03-11T22:51:50","slug":"disco-de-pvc-4-1-2-para-lixadeira-com-fixa-facil","status":"publish","type":"product","link":"https:\/\/www.multicasa.com.br\/inicio\/produto\/disco-de-pvc-4-1-2-para-lixadeira-com-fixa-facil\/","title":{"rendered":"Disco de PVC 4.1\/2&#8243; para Lixadeira com Fixa F\u00e1cil"},"content":{"rendered":"<p>Di\u00e2metro: 4.1\/2&#8243; (115mm); Material: PVC; Sistema: Fixa f\u00e1cil (Velcro).<\/p>\n","protected":false},"excerpt":{"rendered":"<h4 style=\"margin: 0px;padding: 0px 0px 16px;font-family: Lato, sans-serif;font-weight: bold;line-height: 3rem;color: var(--dark-grey3);font-size: 22px;font-style: normal;letter-spacing: normal;text-align: start;text-indent: 0px;text-transform: none\">Informa\u00e7\u00f5es t\u00e9cnicas<\/h4>\n<p><span style=\"margin: 0px;padding: 0px;font-weight: 450;font-size: 14px;line-height: 21px;color: var(--dark-grey2);font-family: Lato, sans-serif;font-style: normal;letter-spacing: normal;text-align: start;text-indent: 0px;text-transform: none\">disco-pvc-4-1-2-lixadeira-fixa-facil<\/span><\/p>\n","protected":false},"featured_media":0,"template":"","meta":{"_joinchat":[]},"product_brand":[],"product_cat":[137],"product_tag":[],"class_list":{"0":"post-36564","1":"product","2":"type-product","3":"status-publish","5":"product_cat-ferramentas-manuais","7":"first","8":"instock","9":"shipping-taxable","10":"purchasable","11":"product-type-simple"},"_links":{"self":[{"href":"https:\/\/www.multicasa.com.br\/inicio\/wp-json\/wp\/v2\/product\/36564","targetHints":{"allow":["GET"]}}],"collection":[{"href":"https:\/\/www.multicasa.com.br\/inicio\/wp-json\/wp\/v2\/product"}],"about":[{"href":"https:\/\/www.multicasa.com.br\/inicio\/wp-json\/wp\/v2\/types\/product"}],"wp:attachment":[{"href":"https:\/\/www.multicasa.com.br\/inicio\/wp-json\/wp\/v2\/media?parent=36564"}],"wp:term":[{"taxonomy":"product_brand","embeddable":true,"href":"https:\/\/www.multicasa.com.br\/inicio\/wp-json\/wp\/v2\/product_brand?post=36564"},{"taxonomy":"product_cat","embeddable":true,"href":"https:\/\/www.multicasa.com.br\/inicio\/wp-json\/wp\/v2\/product_cat?post=36564"},{"taxonomy":"product_tag","embeddable":true,"href":"https:\/\/www.multicasa.com.br\/inicio\/wp-json\/wp\/v2\/product_tag?post=36564"}],"curies":[{"name":"wp","href":"https:\/\/api.w.org\/{rel}","templated":true}]}}