{"id":36593,"date":"2026-03-11T16:35:23","date_gmt":"2026-03-11T20:35:23","guid":{"rendered":"https:\/\/www.multicasa.com.br\/inicio\/produto\/fone-de-ouvido-bluetooth-5-4-10m-preto-geonav\/"},"modified":"2026-03-11T18:52:28","modified_gmt":"2026-03-11T22:52:28","slug":"fone-de-ouvido-bluetooth-5-4-10m-preto-geonav","status":"publish","type":"product","link":"https:\/\/www.multicasa.com.br\/inicio\/produto\/fone-de-ouvido-bluetooth-5-4-10m-preto-geonav\/","title":{"rendered":"Fone de Ouvido Bluetooth 5.4 10m Preto Geonav"},"content":{"rendered":"<p>Conex\u00e3o: BT 5.4; Alcance: 10m; Cor: Preto; Marca: Geonav.<\/p>\n","protected":false},"excerpt":{"rendered":"<h4 style=\"margin: 0px;padding: 0px 0px 16px;font-family: Lato, sans-serif;font-weight: bold;line-height: 3rem;color: var(--dark-grey3);font-size: 22px;font-style: normal;letter-spacing: normal;text-align: start;text-indent: 0px;text-transform: none\">Informa\u00e7\u00f5es t\u00e9cnicas<\/h4>\n<p><span style=\"margin: 0px;padding: 0px;font-weight: 450;font-size: 14px;line-height: 21px;color: var(--dark-grey2);font-family: Lato, sans-serif;font-style: normal;letter-spacing: normal;text-align: start;text-indent: 0px;text-transform: none\">fone-ouvido-bluetooth-5-4-10m-preto-geonav<\/span><\/p>\n","protected":false},"featured_media":0,"template":"","meta":{"_joinchat":[]},"product_brand":[],"product_cat":[130],"product_tag":[],"class_list":{"0":"post-36593","1":"product","2":"type-product","3":"status-publish","5":"product_cat-informatica","7":"first","8":"instock","9":"shipping-taxable","10":"purchasable","11":"product-type-simple"},"_links":{"self":[{"href":"https:\/\/www.multicasa.com.br\/inicio\/wp-json\/wp\/v2\/product\/36593","targetHints":{"allow":["GET"]}}],"collection":[{"href":"https:\/\/www.multicasa.com.br\/inicio\/wp-json\/wp\/v2\/product"}],"about":[{"href":"https:\/\/www.multicasa.com.br\/inicio\/wp-json\/wp\/v2\/types\/product"}],"wp:attachment":[{"href":"https:\/\/www.multicasa.com.br\/inicio\/wp-json\/wp\/v2\/media?parent=36593"}],"wp:term":[{"taxonomy":"product_brand","embeddable":true,"href":"https:\/\/www.multicasa.com.br\/inicio\/wp-json\/wp\/v2\/product_brand?post=36593"},{"taxonomy":"product_cat","embeddable":true,"href":"https:\/\/www.multicasa.com.br\/inicio\/wp-json\/wp\/v2\/product_cat?post=36593"},{"taxonomy":"product_tag","embeddable":true,"href":"https:\/\/www.multicasa.com.br\/inicio\/wp-json\/wp\/v2\/product_tag?post=36593"}],"curies":[{"name":"wp","href":"https:\/\/api.w.org\/{rel}","templated":true}]}}