{"id":36624,"date":"2026-03-11T16:39:23","date_gmt":"2026-03-11T20:39:23","guid":{"rendered":"https:\/\/www.multicasa.com.br\/inicio\/produto\/conexao-reta-rosca-1-2-x-5-16-8mm-plastica\/"},"modified":"2026-03-11T19:02:34","modified_gmt":"2026-03-11T23:02:34","slug":"conexao-reta-rosca-1-2-x-5-16-8mm-plastica","status":"publish","type":"product","link":"https:\/\/www.multicasa.com.br\/inicio\/produto\/conexao-reta-rosca-1-2-x-5-16-8mm-plastica\/","title":{"rendered":"Conex\u00e3o Reta Rosca 1\/2&#8243; x 5\/16&#8243; (8mm) Pl\u00e1stica"},"content":{"rendered":"<p>Tipo: Engate r\u00e1pido; Rosca: 1\/2&#8243;; Tubo: 5\/16&#8243; (8mm).<\/p>\n","protected":false},"excerpt":{"rendered":"<h4 style=\"margin: 0px;padding: 0px 0px 16px;font-family: Lato, sans-serif;font-weight: bold;line-height: 3rem;color: var(--dark-grey3);font-size: 22px;font-style: normal;letter-spacing: normal;text-align: start;text-indent: 0px;text-transform: none\">Informa\u00e7\u00f5es t\u00e9cnicas<\/h4>\n<p><span style=\"margin: 0px;padding: 0px;font-weight: 450;font-size: 14px;line-height: 21px;color: var(--dark-grey2);font-family: Lato, sans-serif;font-style: normal;letter-spacing: normal;text-align: start;text-indent: 0px;text-transform: none\">conexao-reta-rosca-1-2-5-16-8mm-plastica<\/span><\/p>\n","protected":false},"featured_media":0,"template":"","meta":{"_joinchat":[]},"product_brand":[],"product_cat":[74],"product_tag":[],"class_list":{"0":"post-36624","1":"product","2":"type-product","3":"status-publish","5":"product_cat-reparos-hidraulicos","7":"first","8":"instock","9":"shipping-taxable","10":"purchasable","11":"product-type-simple"},"_links":{"self":[{"href":"https:\/\/www.multicasa.com.br\/inicio\/wp-json\/wp\/v2\/product\/36624","targetHints":{"allow":["GET"]}}],"collection":[{"href":"https:\/\/www.multicasa.com.br\/inicio\/wp-json\/wp\/v2\/product"}],"about":[{"href":"https:\/\/www.multicasa.com.br\/inicio\/wp-json\/wp\/v2\/types\/product"}],"wp:attachment":[{"href":"https:\/\/www.multicasa.com.br\/inicio\/wp-json\/wp\/v2\/media?parent=36624"}],"wp:term":[{"taxonomy":"product_brand","embeddable":true,"href":"https:\/\/www.multicasa.com.br\/inicio\/wp-json\/wp\/v2\/product_brand?post=36624"},{"taxonomy":"product_cat","embeddable":true,"href":"https:\/\/www.multicasa.com.br\/inicio\/wp-json\/wp\/v2\/product_cat?post=36624"},{"taxonomy":"product_tag","embeddable":true,"href":"https:\/\/www.multicasa.com.br\/inicio\/wp-json\/wp\/v2\/product_tag?post=36624"}],"curies":[{"name":"wp","href":"https:\/\/api.w.org\/{rel}","templated":true}]}}