{"id":36770,"date":"2026-03-11T16:50:20","date_gmt":"2026-03-11T20:50:20","guid":{"rendered":"https:\/\/www.multicasa.com.br\/inicio\/produto\/corrente-zincada-95mm-1872kg-m-sao-raphael\/"},"modified":"2026-03-11T19:22:34","modified_gmt":"2026-03-11T23:22:34","slug":"corrente-zincada-95mm-1872kg-m-sao-raphael","status":"publish","type":"product","link":"https:\/\/www.multicasa.com.br\/inicio\/produto\/corrente-zincada-95mm-1872kg-m-sao-raphael\/","title":{"rendered":"Corrente Zincada 9,5mm (1,872kg\/m) S\u00e3o Raphael"},"content":{"rendered":"<p>Bitola: 9,5mm; Acabamento: Zincado; Marca: S\u00e3o Raphael.<\/p>\n","protected":false},"excerpt":{"rendered":"<h4 style=\"margin: 0px;padding: 0px 0px 16px;font-family: Lato, sans-serif;font-weight: bold;line-height: 3rem;color: var(--dark-grey3);font-size: 22px;font-style: normal;letter-spacing: normal;text-align: start;text-indent: 0px;text-transform: none\">Informa\u00e7\u00f5es t\u00e9cnicas<\/h4>\n<p><span style=\"margin: 0px;padding: 0px;font-weight: 450;font-size: 14px;line-height: 21px;color: var(--dark-grey2);font-family: Lato, sans-serif;font-style: normal;letter-spacing: normal;text-align: start;text-indent: 0px;text-transform: none\">corrente-zincada-9-5mm-sao-raphael<\/span><\/p>\n","protected":false},"featured_media":0,"template":"","meta":{"_joinchat":[]},"product_brand":[],"product_cat":[161],"product_tag":[],"class_list":{"0":"post-36770","1":"product","2":"type-product","3":"status-publish","5":"product_cat-seguranca","7":"first","8":"instock","9":"shipping-taxable","10":"purchasable","11":"product-type-simple"},"_links":{"self":[{"href":"https:\/\/www.multicasa.com.br\/inicio\/wp-json\/wp\/v2\/product\/36770","targetHints":{"allow":["GET"]}}],"collection":[{"href":"https:\/\/www.multicasa.com.br\/inicio\/wp-json\/wp\/v2\/product"}],"about":[{"href":"https:\/\/www.multicasa.com.br\/inicio\/wp-json\/wp\/v2\/types\/product"}],"wp:attachment":[{"href":"https:\/\/www.multicasa.com.br\/inicio\/wp-json\/wp\/v2\/media?parent=36770"}],"wp:term":[{"taxonomy":"product_brand","embeddable":true,"href":"https:\/\/www.multicasa.com.br\/inicio\/wp-json\/wp\/v2\/product_brand?post=36770"},{"taxonomy":"product_cat","embeddable":true,"href":"https:\/\/www.multicasa.com.br\/inicio\/wp-json\/wp\/v2\/product_cat?post=36770"},{"taxonomy":"product_tag","embeddable":true,"href":"https:\/\/www.multicasa.com.br\/inicio\/wp-json\/wp\/v2\/product_tag?post=36770"}],"curies":[{"name":"wp","href":"https:\/\/api.w.org\/{rel}","templated":true}]}}