{"id":36954,"date":"2026-03-11T17:05:01","date_gmt":"2026-03-11T21:05:01","guid":{"rendered":"https:\/\/www.multicasa.com.br\/inicio\/produto\/adaptador-2p-10a-branco-690663-pial\/"},"modified":"2026-03-11T17:05:01","modified_gmt":"2026-03-11T21:05:01","slug":"adaptador-2p-10a-branco-690663-pial","status":"publish","type":"product","link":"https:\/\/www.multicasa.com.br\/inicio\/produto\/adaptador-2p-10a-branco-690663-pial\/","title":{"rendered":"Adaptador 2P 10A Branco 690663 Pial"},"content":{"rendered":"<p>Tipo: Adaptador 2 Polos; Corrente: 10A; Modelo: 690663.<\/p>\n","protected":false},"excerpt":{"rendered":"<h4 style=\"margin: 0px;padding: 0px 0px 16px;font-family: Lato, sans-serif;font-weight: bold;line-height: 3rem;color: var(--dark-grey3);font-size: 22px;font-style: normal;letter-spacing: normal;text-align: start;text-indent: 0px;text-transform: none\">Informa\u00e7\u00f5es t\u00e9cnicas<\/h4>\n<p><span style=\"margin: 0px;padding: 0px;font-weight: 450;font-size: 14px;line-height: 21px;color: var(--dark-grey2);font-family: Lato, sans-serif;font-style: normal;letter-spacing: normal;text-align: start;text-indent: 0px;text-transform: none\">adaptador-2p-10a-branco-690663-pial<\/span><\/p>\n","protected":false},"featured_media":0,"template":"","meta":{"_joinchat":[]},"product_brand":[],"product_cat":[144],"product_tag":[],"class_list":{"0":"post-36954","1":"product","2":"type-product","3":"status-publish","5":"product_cat-tomadas-e-cia","7":"first","8":"instock","9":"shipping-taxable","10":"product-type-simple"},"_links":{"self":[{"href":"https:\/\/www.multicasa.com.br\/inicio\/wp-json\/wp\/v2\/product\/36954","targetHints":{"allow":["GET"]}}],"collection":[{"href":"https:\/\/www.multicasa.com.br\/inicio\/wp-json\/wp\/v2\/product"}],"about":[{"href":"https:\/\/www.multicasa.com.br\/inicio\/wp-json\/wp\/v2\/types\/product"}],"wp:attachment":[{"href":"https:\/\/www.multicasa.com.br\/inicio\/wp-json\/wp\/v2\/media?parent=36954"}],"wp:term":[{"taxonomy":"product_brand","embeddable":true,"href":"https:\/\/www.multicasa.com.br\/inicio\/wp-json\/wp\/v2\/product_brand?post=36954"},{"taxonomy":"product_cat","embeddable":true,"href":"https:\/\/www.multicasa.com.br\/inicio\/wp-json\/wp\/v2\/product_cat?post=36954"},{"taxonomy":"product_tag","embeddable":true,"href":"https:\/\/www.multicasa.com.br\/inicio\/wp-json\/wp\/v2\/product_tag?post=36954"}],"curies":[{"name":"wp","href":"https:\/\/api.w.org\/{rel}","templated":true}]}}