{"id":37035,"date":"2026-03-11T17:10:37","date_gmt":"2026-03-11T21:10:37","guid":{"rendered":"https:\/\/www.multicasa.com.br\/inicio\/produto\/ventilador-de-teto-3-pas-new-crt-light-127v\/"},"modified":"2026-03-11T20:04:24","modified_gmt":"2026-03-12T00:04:24","slug":"ventilador-de-teto-3-pas-new-crt-light-127v","status":"publish","type":"product","link":"https:\/\/www.multicasa.com.br\/inicio\/produto\/ventilador-de-teto-3-pas-new-crt-light-127v\/","title":{"rendered":"Ventilador de Teto 3 P\u00e1s New CRT Light 127V"},"content":{"rendered":"<p>Modelo: New CRT Light; P\u00e1s: 3; Tens\u00e3o: 127V; Ventisol.<\/p>\n","protected":false},"excerpt":{"rendered":"<h4 style=\"margin: 0px;padding: 0px 0px 16px;font-family: Lato, sans-serif;font-weight: bold;line-height: 3rem;color: var(--dark-grey3);font-size: 22px;font-style: normal;letter-spacing: normal;text-align: start;text-indent: 0px;text-transform: none\">Informa\u00e7\u00f5es t\u00e9cnicas<\/h4>\n<p><span style=\"margin: 0px;padding: 0px;font-weight: 450;font-size: 14px;line-height: 21px;color: var(--dark-grey2);font-family: Lato, sans-serif;font-style: normal;letter-spacing: normal;text-align: start;text-indent: 0px;text-transform: none\">ventilador-teto-3-pas-new-crt-light-127v-ventisol<\/span><\/p>\n","protected":false},"featured_media":0,"template":"","meta":{"_joinchat":[]},"product_brand":[],"product_cat":[160],"product_tag":[],"class_list":{"0":"post-37035","1":"product","2":"type-product","3":"status-publish","5":"product_cat-ventiladores-decorativos","7":"first","8":"instock","9":"shipping-taxable","10":"purchasable","11":"product-type-simple"},"_links":{"self":[{"href":"https:\/\/www.multicasa.com.br\/inicio\/wp-json\/wp\/v2\/product\/37035","targetHints":{"allow":["GET"]}}],"collection":[{"href":"https:\/\/www.multicasa.com.br\/inicio\/wp-json\/wp\/v2\/product"}],"about":[{"href":"https:\/\/www.multicasa.com.br\/inicio\/wp-json\/wp\/v2\/types\/product"}],"wp:attachment":[{"href":"https:\/\/www.multicasa.com.br\/inicio\/wp-json\/wp\/v2\/media?parent=37035"}],"wp:term":[{"taxonomy":"product_brand","embeddable":true,"href":"https:\/\/www.multicasa.com.br\/inicio\/wp-json\/wp\/v2\/product_brand?post=37035"},{"taxonomy":"product_cat","embeddable":true,"href":"https:\/\/www.multicasa.com.br\/inicio\/wp-json\/wp\/v2\/product_cat?post=37035"},{"taxonomy":"product_tag","embeddable":true,"href":"https:\/\/www.multicasa.com.br\/inicio\/wp-json\/wp\/v2\/product_tag?post=37035"}],"curies":[{"name":"wp","href":"https:\/\/api.w.org\/{rel}","templated":true}]}}