{"id":37099,"date":"2026-03-11T17:15:44","date_gmt":"2026-03-11T21:15:44","guid":{"rendered":"https:\/\/www.multicasa.com.br\/inicio\/produto\/parafuso-para-fixacao-de-louca-12mm-dalcon\/"},"modified":"2026-03-11T17:15:44","modified_gmt":"2026-03-11T21:15:44","slug":"parafuso-para-fixacao-de-louca-12mm-dalcon","status":"publish","type":"product","link":"https:\/\/www.multicasa.com.br\/inicio\/produto\/parafuso-para-fixacao-de-louca-12mm-dalcon\/","title":{"rendered":"Parafuso para Fixa\u00e7\u00e3o de Lou\u00e7a 12mm Dalcon"},"content":{"rendered":"<p>Medida: 12mm; Modelo: CT02; Uso: Sanit\u00e1rio; Dalcon.<\/p>\n","protected":false},"excerpt":{"rendered":"<h4 style=\"margin: 0px;padding: 0px 0px 16px;font-family: Lato, sans-serif;font-weight: bold;line-height: 3rem;color: var(--dark-grey3);font-size: 22px;font-style: normal;letter-spacing: normal;text-align: start;text-indent: 0px;text-transform: none\">Informa\u00e7\u00f5es t\u00e9cnicas<\/h4>\n<p><span style=\"margin: 0px;padding: 0px;font-weight: 450;font-size: 14px;line-height: 21px;color: var(--dark-grey2);font-family: Lato, sans-serif;font-style: normal;letter-spacing: normal;text-align: start;text-indent: 0px;text-transform: none\">parafuso-fixacao-louca-12mm-dalcon<\/span><\/p>\n","protected":false},"featured_media":0,"template":"","meta":{"_joinchat":[]},"product_brand":[],"product_cat":[68],"product_tag":[],"class_list":{"0":"post-37099","1":"product","2":"type-product","3":"status-publish","5":"product_cat-loucas-e-cia","7":"first","8":"instock","9":"shipping-taxable","10":"product-type-simple"},"_links":{"self":[{"href":"https:\/\/www.multicasa.com.br\/inicio\/wp-json\/wp\/v2\/product\/37099","targetHints":{"allow":["GET"]}}],"collection":[{"href":"https:\/\/www.multicasa.com.br\/inicio\/wp-json\/wp\/v2\/product"}],"about":[{"href":"https:\/\/www.multicasa.com.br\/inicio\/wp-json\/wp\/v2\/types\/product"}],"wp:attachment":[{"href":"https:\/\/www.multicasa.com.br\/inicio\/wp-json\/wp\/v2\/media?parent=37099"}],"wp:term":[{"taxonomy":"product_brand","embeddable":true,"href":"https:\/\/www.multicasa.com.br\/inicio\/wp-json\/wp\/v2\/product_brand?post=37099"},{"taxonomy":"product_cat","embeddable":true,"href":"https:\/\/www.multicasa.com.br\/inicio\/wp-json\/wp\/v2\/product_cat?post=37099"},{"taxonomy":"product_tag","embeddable":true,"href":"https:\/\/www.multicasa.com.br\/inicio\/wp-json\/wp\/v2\/product_tag?post=37099"}],"curies":[{"name":"wp","href":"https:\/\/api.w.org\/{rel}","templated":true}]}}