{"id":37119,"date":"2026-03-11T17:19:33","date_gmt":"2026-03-11T21:19:33","guid":{"rendered":"https:\/\/www.multicasa.com.br\/inicio\/produto\/acoplador-industrial-32a-3pt-220v-azul-soprano\/"},"modified":"2026-03-11T20:21:54","modified_gmt":"2026-03-12T00:21:54","slug":"acoplador-industrial-32a-3pt-220v-azul-soprano","status":"publish","type":"product","link":"https:\/\/www.multicasa.com.br\/inicio\/produto\/acoplador-industrial-32a-3pt-220v-azul-soprano\/","title":{"rendered":"Acoplador Industrial 32A 3P+T 220V Azul Soprano"},"content":{"rendered":"<p>Tipo: Acoplador; Corrente: 32A; Polos: 3P+T; Tens\u00e3o: 220V.<\/p>\n","protected":false},"excerpt":{"rendered":"<h4 style=\"margin: 0px;padding: 0px 0px 16px;font-family: Lato, sans-serif;font-weight: bold;line-height: 3rem;color: var(--dark-grey3);font-size: 22px;font-style: normal;letter-spacing: normal;text-align: start;text-indent: 0px;text-transform: none\">Informa\u00e7\u00f5es t\u00e9cnicas<\/h4>\n<p><span style=\"margin: 0px;padding: 0px;font-weight: 450;font-size: 14px;line-height: 21px;color: var(--dark-grey2);font-family: Lato, sans-serif;font-style: normal;letter-spacing: normal;text-align: start;text-indent: 0px;text-transform: none\">acoplador-industrial-32a-3p-t-220v-azul-soprano<\/span><\/p>\n","protected":false},"featured_media":0,"template":"","meta":{"_joinchat":[]},"product_brand":[],"product_cat":[120],"product_tag":[],"class_list":{"0":"post-37119","1":"product","2":"type-product","3":"status-publish","5":"product_cat-extencoes-e-cia","7":"first","8":"instock","9":"shipping-taxable","10":"purchasable","11":"product-type-simple"},"_links":{"self":[{"href":"https:\/\/www.multicasa.com.br\/inicio\/wp-json\/wp\/v2\/product\/37119","targetHints":{"allow":["GET"]}}],"collection":[{"href":"https:\/\/www.multicasa.com.br\/inicio\/wp-json\/wp\/v2\/product"}],"about":[{"href":"https:\/\/www.multicasa.com.br\/inicio\/wp-json\/wp\/v2\/types\/product"}],"wp:attachment":[{"href":"https:\/\/www.multicasa.com.br\/inicio\/wp-json\/wp\/v2\/media?parent=37119"}],"wp:term":[{"taxonomy":"product_brand","embeddable":true,"href":"https:\/\/www.multicasa.com.br\/inicio\/wp-json\/wp\/v2\/product_brand?post=37119"},{"taxonomy":"product_cat","embeddable":true,"href":"https:\/\/www.multicasa.com.br\/inicio\/wp-json\/wp\/v2\/product_cat?post=37119"},{"taxonomy":"product_tag","embeddable":true,"href":"https:\/\/www.multicasa.com.br\/inicio\/wp-json\/wp\/v2\/product_tag?post=37119"}],"curies":[{"name":"wp","href":"https:\/\/api.w.org\/{rel}","templated":true}]}}