{"id":37204,"date":"2026-03-11T17:29:08","date_gmt":"2026-03-11T21:29:08","guid":{"rendered":"https:\/\/www.multicasa.com.br\/inicio\/produto\/passa-fio-de-aco-10m-amarelo-proaqua\/"},"modified":"2026-03-11T20:35:15","modified_gmt":"2026-03-12T00:35:15","slug":"passa-fio-de-aco-10m-amarelo-proaqua","status":"publish","type":"product","link":"https:\/\/www.multicasa.com.br\/inicio\/produto\/passa-fio-de-aco-10m-amarelo-proaqua\/","title":{"rendered":"Passa Fio de A\u00e7o 10m Amarelo Proaqua"},"content":{"rendered":"<p>Comprimento: 10m; Material: A\u00e7o Revestido; Proaqua.<\/p>\n","protected":false},"excerpt":{"rendered":"<h4 style=\"margin: 0px;padding: 0px 0px 16px;font-family: Lato, sans-serif;font-weight: bold;line-height: 3rem;color: var(--dark-grey3);font-size: 22px;font-style: normal;letter-spacing: normal;text-align: start;text-indent: 0px;text-transform: none\">Informa\u00e7\u00f5es t\u00e9cnicas<\/h4>\n<p><span style=\"margin: 0px;padding: 0px;font-weight: 450;font-size: 14px;line-height: 21px;color: var(--dark-grey2);font-family: Lato, sans-serif;font-style: normal;letter-spacing: normal;text-align: start;text-indent: 0px;text-transform: none\">passa-fio-aco-10m-amarelo-proaqua<\/span><\/p>\n","protected":false},"featured_media":0,"template":"","meta":{"_joinchat":[]},"product_brand":[],"product_cat":[137],"product_tag":[],"class_list":{"0":"post-37204","1":"product","2":"type-product","3":"status-publish","5":"product_cat-ferramentas-manuais","7":"first","8":"instock","9":"shipping-taxable","10":"purchasable","11":"product-type-simple"},"_links":{"self":[{"href":"https:\/\/www.multicasa.com.br\/inicio\/wp-json\/wp\/v2\/product\/37204","targetHints":{"allow":["GET"]}}],"collection":[{"href":"https:\/\/www.multicasa.com.br\/inicio\/wp-json\/wp\/v2\/product"}],"about":[{"href":"https:\/\/www.multicasa.com.br\/inicio\/wp-json\/wp\/v2\/types\/product"}],"wp:attachment":[{"href":"https:\/\/www.multicasa.com.br\/inicio\/wp-json\/wp\/v2\/media?parent=37204"}],"wp:term":[{"taxonomy":"product_brand","embeddable":true,"href":"https:\/\/www.multicasa.com.br\/inicio\/wp-json\/wp\/v2\/product_brand?post=37204"},{"taxonomy":"product_cat","embeddable":true,"href":"https:\/\/www.multicasa.com.br\/inicio\/wp-json\/wp\/v2\/product_cat?post=37204"},{"taxonomy":"product_tag","embeddable":true,"href":"https:\/\/www.multicasa.com.br\/inicio\/wp-json\/wp\/v2\/product_tag?post=37204"}],"curies":[{"name":"wp","href":"https:\/\/api.w.org\/{rel}","templated":true}]}}