{"id":37492,"date":"2026-03-11T17:54:33","date_gmt":"2026-03-11T21:54:33","guid":{"rendered":"https:\/\/www.multicasa.com.br\/inicio\/produto\/roda-com-pneu-e-camara-325x8-metalosa\/"},"modified":"2026-03-11T21:23:01","modified_gmt":"2026-03-12T01:23:01","slug":"roda-com-pneu-e-camara-325x8-metalosa","status":"publish","type":"product","link":"https:\/\/www.multicasa.com.br\/inicio\/produto\/roda-com-pneu-e-camara-325x8-metalosa\/","title":{"rendered":"Roda com Pneu e C\u00e2mara 3,25&#215;8&#8243; Metalosa"},"content":{"rendered":"<p>Medida: 3,25&#215;8&#8243;; Inclui: Roda, Pneu e C\u00e2mara; Metalosa.<\/p>\n","protected":false},"excerpt":{"rendered":"<h4 style=\"margin: 0px;padding: 0px 0px 16px;font-family: Lato, sans-serif;font-weight: bold;line-height: 3rem;color: var(--dark-grey3);font-size: 22px;font-style: normal;letter-spacing: normal;text-align: start;text-indent: 0px;text-transform: none\">Informa\u00e7\u00f5es t\u00e9cnicas<\/h4>\n<p><span style=\"margin: 0px;padding: 0px;font-weight: 450;font-size: 14px;line-height: 21px;color: var(--dark-grey2);font-family: Lato, sans-serif;font-style: normal;letter-spacing: normal;text-align: start;text-indent: 0px;text-transform: none\">roda-pneu-camara-3-25&#215;8-metalosa<\/span><\/p>\n","protected":false},"featured_media":0,"template":"","meta":{"_joinchat":[]},"product_brand":[],"product_cat":[158],"product_tag":[],"class_list":{"0":"post-37492","1":"product","2":"type-product","3":"status-publish","5":"product_cat-ferramentas-para-construcao","7":"first","8":"instock","9":"shipping-taxable","10":"purchasable","11":"product-type-simple"},"_links":{"self":[{"href":"https:\/\/www.multicasa.com.br\/inicio\/wp-json\/wp\/v2\/product\/37492","targetHints":{"allow":["GET"]}}],"collection":[{"href":"https:\/\/www.multicasa.com.br\/inicio\/wp-json\/wp\/v2\/product"}],"about":[{"href":"https:\/\/www.multicasa.com.br\/inicio\/wp-json\/wp\/v2\/types\/product"}],"wp:attachment":[{"href":"https:\/\/www.multicasa.com.br\/inicio\/wp-json\/wp\/v2\/media?parent=37492"}],"wp:term":[{"taxonomy":"product_brand","embeddable":true,"href":"https:\/\/www.multicasa.com.br\/inicio\/wp-json\/wp\/v2\/product_brand?post=37492"},{"taxonomy":"product_cat","embeddable":true,"href":"https:\/\/www.multicasa.com.br\/inicio\/wp-json\/wp\/v2\/product_cat?post=37492"},{"taxonomy":"product_tag","embeddable":true,"href":"https:\/\/www.multicasa.com.br\/inicio\/wp-json\/wp\/v2\/product_tag?post=37492"}],"curies":[{"name":"wp","href":"https:\/\/api.w.org\/{rel}","templated":true}]}}