{"id":37689,"date":"2026-03-11T18:10:16","date_gmt":"2026-03-11T22:10:16","guid":{"rendered":"https:\/\/www.multicasa.com.br\/inicio\/produto\/uniao-fg-assentamento-plano-3-cl10-tupy\/"},"modified":"2026-03-11T18:10:16","modified_gmt":"2026-03-11T22:10:16","slug":"uniao-fg-assentamento-plano-3-cl10-tupy","status":"publish","type":"product","link":"https:\/\/www.multicasa.com.br\/inicio\/produto\/uniao-fg-assentamento-plano-3-cl10-tupy\/","title":{"rendered":"Uni\u00e3o FG Assentamento Plano 3&#8243; CL10 Tupy"},"content":{"rendered":"<p>Uni\u00e3o FG Assentamento Plano 3&#8243; CL10 Tupy<\/p>\n","protected":false},"excerpt":{"rendered":"<h4 style=\"margin: 0px;padding: 0px 0px 16px;font-family: Lato, sans-serif;font-weight: bold;line-height: 3rem;color: var(--dark-grey3);font-size: 22px;font-style: normal;letter-spacing: normal;text-align: start;text-indent: 0px;text-transform: none\">Informa\u00e7\u00f5es t\u00e9cnicas<\/h4>\n<p><span style=\"margin: 0px;padding: 0px;font-weight: 450;font-size: 14px;line-height: 21px;color: var(--dark-grey2);font-family: Lato, sans-serif;font-style: normal;letter-spacing: normal;text-align: start;text-indent: 0px;text-transform: none\">Material: Ferro Galvanizado; Tipo: Assento Plano; Bitola: 3&#8243;; Classe 10.<\/span><\/p>\n","protected":false},"featured_media":0,"template":"","meta":{"_joinchat":[]},"product_brand":[],"product_cat":[73],"product_tag":[],"class_list":{"0":"post-37689","1":"product","2":"type-product","3":"status-publish","5":"product_cat-tubos-e-conexoes","7":"first","8":"instock","9":"shipping-taxable","10":"product-type-simple"},"_links":{"self":[{"href":"https:\/\/www.multicasa.com.br\/inicio\/wp-json\/wp\/v2\/product\/37689","targetHints":{"allow":["GET"]}}],"collection":[{"href":"https:\/\/www.multicasa.com.br\/inicio\/wp-json\/wp\/v2\/product"}],"about":[{"href":"https:\/\/www.multicasa.com.br\/inicio\/wp-json\/wp\/v2\/types\/product"}],"wp:attachment":[{"href":"https:\/\/www.multicasa.com.br\/inicio\/wp-json\/wp\/v2\/media?parent=37689"}],"wp:term":[{"taxonomy":"product_brand","embeddable":true,"href":"https:\/\/www.multicasa.com.br\/inicio\/wp-json\/wp\/v2\/product_brand?post=37689"},{"taxonomy":"product_cat","embeddable":true,"href":"https:\/\/www.multicasa.com.br\/inicio\/wp-json\/wp\/v2\/product_cat?post=37689"},{"taxonomy":"product_tag","embeddable":true,"href":"https:\/\/www.multicasa.com.br\/inicio\/wp-json\/wp\/v2\/product_tag?post=37689"}],"curies":[{"name":"wp","href":"https:\/\/api.w.org\/{rel}","templated":true}]}}