{"id":37857,"date":"2026-03-11T18:24:44","date_gmt":"2026-03-11T22:24:44","guid":{"rendered":"https:\/\/www.multicasa.com.br\/inicio\/produto\/clips-para-cabo-de-aco-1-8\/"},"modified":"2026-04-29T16:50:09","modified_gmt":"2026-04-29T20:50:09","slug":"clips-para-cabo-de-aco-1-8","status":"publish","type":"product","link":"https:\/\/www.multicasa.com.br\/inicio\/produto\/clips-para-cabo-de-aco-1-8\/","title":{"rendered":"Clips para Cabo de A\u00e7o 1\/8&#8243;"},"content":{"rendered":"<p>Clips para Cabo de A\u00e7o 1\/8&#8243;<\/p>\n","protected":false},"excerpt":{"rendered":"<h4 style=\"margin: 0px;padding: 0px 0px 16px;font-family: Lato, sans-serif;font-weight: bold;line-height: 3rem;color: var(--dark-grey3);font-size: 22px;font-style: normal;letter-spacing: normal;text-align: start;text-indent: 0px;text-transform: none\">Informa\u00e7\u00f5es t\u00e9cnicas<\/h4>\n<p><span style=\"margin: 0px;padding: 0px;font-weight: 450;font-size: 14px;line-height: 21px;color: var(--dark-grey2);font-family: Lato, sans-serif;font-style: normal;letter-spacing: normal;text-align: start;text-indent: 0px;text-transform: none\">Material: A\u00e7o male\u00e1vel\/Zincado; Bitola: 1\/8&#8243;; Uso: Fixa\u00e7\u00e3o de cabos de a\u00e7o.<\/span><\/p>\n","protected":false},"featured_media":0,"template":"","meta":{"_joinchat":[]},"product_brand":[],"product_cat":[95],"product_tag":[],"class_list":{"0":"post-37857","1":"product","2":"type-product","3":"status-publish","5":"product_cat-lavanderia","7":"first","8":"instock","9":"shipping-taxable","10":"purchasable","11":"product-type-simple"},"_links":{"self":[{"href":"https:\/\/www.multicasa.com.br\/inicio\/wp-json\/wp\/v2\/product\/37857","targetHints":{"allow":["GET"]}}],"collection":[{"href":"https:\/\/www.multicasa.com.br\/inicio\/wp-json\/wp\/v2\/product"}],"about":[{"href":"https:\/\/www.multicasa.com.br\/inicio\/wp-json\/wp\/v2\/types\/product"}],"wp:attachment":[{"href":"https:\/\/www.multicasa.com.br\/inicio\/wp-json\/wp\/v2\/media?parent=37857"}],"wp:term":[{"taxonomy":"product_brand","embeddable":true,"href":"https:\/\/www.multicasa.com.br\/inicio\/wp-json\/wp\/v2\/product_brand?post=37857"},{"taxonomy":"product_cat","embeddable":true,"href":"https:\/\/www.multicasa.com.br\/inicio\/wp-json\/wp\/v2\/product_cat?post=37857"},{"taxonomy":"product_tag","embeddable":true,"href":"https:\/\/www.multicasa.com.br\/inicio\/wp-json\/wp\/v2\/product_tag?post=37857"}],"curies":[{"name":"wp","href":"https:\/\/api.w.org\/{rel}","templated":true}]}}