{"id":37938,"date":"2026-03-11T18:30:16","date_gmt":"2026-03-11T22:30:16","guid":{"rendered":"https:\/\/www.multicasa.com.br\/inicio\/produto\/bateria-selada-csp-12v-kn\/"},"modified":"2026-03-11T18:30:16","modified_gmt":"2026-03-11T22:30:16","slug":"bateria-selada-csp-12v-kn","status":"publish","type":"product","link":"https:\/\/www.multicasa.com.br\/inicio\/produto\/bateria-selada-csp-12v-kn\/","title":{"rendered":"Bateria Selada CSP 12V K&amp;N"},"content":{"rendered":"<p>Bateria Selada CSP 12V K&amp;N<\/p>\n","protected":false},"excerpt":{"rendered":"<h4 style=\"margin: 0px;padding: 0px 0px 16px;font-family: Lato, sans-serif;font-weight: bold;line-height: 3rem;color: var(--dark-grey3);font-size: 22px;font-style: normal;letter-spacing: normal;text-align: start;text-indent: 0px;text-transform: none\">Informa\u00e7\u00f5es t\u00e9cnicas<\/h4>\n<p><span style=\"margin: 0px;padding: 0px;font-weight: 450;font-size: 14px;line-height: 21px;color: var(--dark-grey2);font-family: Lato, sans-serif;font-style: normal;letter-spacing: normal;text-align: start;text-indent: 0px;text-transform: none\">Tens\u00e3o: 12V; Tipo: Chumbo-\u00c1cida Selada (VRLA); Marca: K&amp;N.<\/span><\/p>\n","protected":false},"featured_media":0,"template":"","meta":{"_joinchat":[]},"product_brand":[],"product_cat":[151],"product_tag":[],"class_list":{"0":"post-37938","1":"product","2":"type-product","3":"status-publish","5":"product_cat-pilhas","7":"first","8":"instock","9":"shipping-taxable","10":"product-type-simple"},"_links":{"self":[{"href":"https:\/\/www.multicasa.com.br\/inicio\/wp-json\/wp\/v2\/product\/37938","targetHints":{"allow":["GET"]}}],"collection":[{"href":"https:\/\/www.multicasa.com.br\/inicio\/wp-json\/wp\/v2\/product"}],"about":[{"href":"https:\/\/www.multicasa.com.br\/inicio\/wp-json\/wp\/v2\/types\/product"}],"wp:attachment":[{"href":"https:\/\/www.multicasa.com.br\/inicio\/wp-json\/wp\/v2\/media?parent=37938"}],"wp:term":[{"taxonomy":"product_brand","embeddable":true,"href":"https:\/\/www.multicasa.com.br\/inicio\/wp-json\/wp\/v2\/product_brand?post=37938"},{"taxonomy":"product_cat","embeddable":true,"href":"https:\/\/www.multicasa.com.br\/inicio\/wp-json\/wp\/v2\/product_cat?post=37938"},{"taxonomy":"product_tag","embeddable":true,"href":"https:\/\/www.multicasa.com.br\/inicio\/wp-json\/wp\/v2\/product_tag?post=37938"}],"curies":[{"name":"wp","href":"https:\/\/api.w.org\/{rel}","templated":true}]}}