{"id":39628,"date":"2026-03-11T21:10:15","date_gmt":"2026-03-12T01:10:15","guid":{"rendered":"https:\/\/www.multicasa.com.br\/inicio\/produto\/pedestal-p-tv-40-76-c-roda-pt-multi\/"},"modified":"2026-03-11T21:10:15","modified_gmt":"2026-03-12T01:10:15","slug":"pedestal-p-tv-40-76-c-roda-pt-multi","status":"publish","type":"product","link":"https:\/\/www.multicasa.com.br\/inicio\/produto\/pedestal-p-tv-40-76-c-roda-pt-multi\/","title":{"rendered":"PEDESTAL P\/TV 40\/76 C\/RODA PT MULTI"},"content":{"rendered":"<p>PEDESTAL P\/TV 40\/76 C\/RODA PT MULTI<\/p>\n","protected":false},"excerpt":{"rendered":"<h4 style=\"margin: 0px;padding: 0px 0px 16px;font-family: Lato, sans-serif;font-weight: bold;line-height: 3rem;color: var(--dark-grey3);font-size: 22px;font-style: normal;letter-spacing: normal;text-align: start;text-indent: 0px;text-transform: none\">Informa\u00e7\u00f5es t\u00e9cnicas<\/h4>\n<p><span style=\"margin: 0px;padding: 0px;font-weight: 450;font-size: 14px;line-height: 21px;color: var(--dark-grey2);font-family: Lato, sans-serif;font-style: normal;letter-spacing: normal;text-align: start;text-indent: 0px;text-transform: none\">Para Telas 40&#8243; a 76&#8243;, Preto, Multivis\u00e3o<\/span><\/p>\n","protected":false},"featured_media":0,"template":"","meta":{"_joinchat":[]},"product_brand":[],"product_cat":[150],"product_tag":[],"class_list":{"0":"post-39628","1":"product","2":"type-product","3":"status-publish","5":"product_cat-antenas-e-cia","7":"first","8":"instock","9":"shipping-taxable","10":"product-type-simple"},"_links":{"self":[{"href":"https:\/\/www.multicasa.com.br\/inicio\/wp-json\/wp\/v2\/product\/39628","targetHints":{"allow":["GET"]}}],"collection":[{"href":"https:\/\/www.multicasa.com.br\/inicio\/wp-json\/wp\/v2\/product"}],"about":[{"href":"https:\/\/www.multicasa.com.br\/inicio\/wp-json\/wp\/v2\/types\/product"}],"wp:attachment":[{"href":"https:\/\/www.multicasa.com.br\/inicio\/wp-json\/wp\/v2\/media?parent=39628"}],"wp:term":[{"taxonomy":"product_brand","embeddable":true,"href":"https:\/\/www.multicasa.com.br\/inicio\/wp-json\/wp\/v2\/product_brand?post=39628"},{"taxonomy":"product_cat","embeddable":true,"href":"https:\/\/www.multicasa.com.br\/inicio\/wp-json\/wp\/v2\/product_cat?post=39628"},{"taxonomy":"product_tag","embeddable":true,"href":"https:\/\/www.multicasa.com.br\/inicio\/wp-json\/wp\/v2\/product_tag?post=39628"}],"curies":[{"name":"wp","href":"https:\/\/api.w.org\/{rel}","templated":true}]}}