{"id":39663,"date":"2026-03-11T21:11:59","date_gmt":"2026-03-12T01:11:59","guid":{"rendered":"https:\/\/www.multicasa.com.br\/inicio\/produto\/fita-led-pratik-65w-ip65-1m-6-0k-g\/"},"modified":"2026-03-11T21:11:59","modified_gmt":"2026-03-12T01:11:59","slug":"fita-led-pratik-65w-ip65-1m-6-0k-g","status":"publish","type":"product","link":"https:\/\/www.multicasa.com.br\/inicio\/produto\/fita-led-pratik-65w-ip65-1m-6-0k-g\/","title":{"rendered":"FITA LED PRATIK 6,5W IP65 1M 6.0K G"},"content":{"rendered":"<p>FITA LED PRATIK 6,5W IP65 1M 6.0K G<\/p>\n","protected":false},"excerpt":{"rendered":"<h4 style=\"margin: 0px;padding: 0px 0px 16px;font-family: Lato, sans-serif;font-weight: bold;line-height: 3rem;color: var(--dark-grey3);font-size: 22px;font-style: normal;letter-spacing: normal;text-align: start;text-indent: 0px;text-transform: none\">Informa\u00e7\u00f5es t\u00e9cnicas<\/h4>\n<p><span style=\"margin: 0px;padding: 0px;font-weight: 450;font-size: 14px;line-height: 21px;color: var(--dark-grey2);font-family: Lato, sans-serif;font-style: normal;letter-spacing: normal;text-align: start;text-indent: 0px;text-transform: none\">6000K (Fria), 1 Metro, IP65<\/span><\/p>\n","protected":false},"featured_media":0,"template":"","meta":{"_joinchat":[]},"product_brand":[],"product_cat":[79],"product_tag":[],"class_list":{"0":"post-39663","1":"product","2":"type-product","3":"status-publish","5":"product_cat-iluminacao-decorativa","7":"first","8":"instock","9":"shipping-taxable","10":"product-type-simple"},"_links":{"self":[{"href":"https:\/\/www.multicasa.com.br\/inicio\/wp-json\/wp\/v2\/product\/39663","targetHints":{"allow":["GET"]}}],"collection":[{"href":"https:\/\/www.multicasa.com.br\/inicio\/wp-json\/wp\/v2\/product"}],"about":[{"href":"https:\/\/www.multicasa.com.br\/inicio\/wp-json\/wp\/v2\/types\/product"}],"wp:attachment":[{"href":"https:\/\/www.multicasa.com.br\/inicio\/wp-json\/wp\/v2\/media?parent=39663"}],"wp:term":[{"taxonomy":"product_brand","embeddable":true,"href":"https:\/\/www.multicasa.com.br\/inicio\/wp-json\/wp\/v2\/product_brand?post=39663"},{"taxonomy":"product_cat","embeddable":true,"href":"https:\/\/www.multicasa.com.br\/inicio\/wp-json\/wp\/v2\/product_cat?post=39663"},{"taxonomy":"product_tag","embeddable":true,"href":"https:\/\/www.multicasa.com.br\/inicio\/wp-json\/wp\/v2\/product_tag?post=39663"}],"curies":[{"name":"wp","href":"https:\/\/api.w.org\/{rel}","templated":true}]}}