{"id":40400,"date":"2026-03-11T22:20:49","date_gmt":"2026-03-12T02:20:49","guid":{"rendered":"https:\/\/www.multicasa.com.br\/inicio\/produto\/conexao-c-regis-1-4x1-2-084-acqu\/"},"modified":"2026-03-11T22:20:49","modified_gmt":"2026-03-12T02:20:49","slug":"conexao-c-regis-1-4x1-2-084-acqu","status":"publish","type":"product","link":"https:\/\/www.multicasa.com.br\/inicio\/produto\/conexao-c-regis-1-4x1-2-084-acqu\/","title":{"rendered":"CONEXAO C\/ REGIS. 1\/4X1\/2 084 ACQU"},"content":{"rendered":"<p>CONEXAO C\/ REGIS. 1\/4X1\/2 084 ACQU<\/p>\n","protected":false},"excerpt":{"rendered":"<h4 style=\"margin: 0px;padding: 0px 0px 16px;font-family: Lato, sans-serif;font-weight: bold;line-height: 3rem;color: var(--dark-grey3);font-size: 22px;font-style: normal;letter-spacing: normal;text-align: start;text-indent: 0px;text-transform: none\">Informa\u00e7\u00f5es t\u00e9cnicas<\/h4>\n<p><span style=\"margin: 0px;padding: 0px;font-weight: 450;font-size: 14px;line-height: 21px;color: var(--dark-grey2);font-family: Lato, sans-serif;font-style: normal;letter-spacing: normal;text-align: start;text-indent: 0px;text-transform: none\">Medida 1\/4&#8243; x 1\/2&#8243;, Ref 084, Acquabios<\/span><\/p>\n","protected":false},"featured_media":0,"template":"","meta":{"_joinchat":[]},"product_brand":[],"product_cat":[74],"product_tag":[],"class_list":{"0":"post-40400","1":"product","2":"type-product","3":"status-publish","5":"product_cat-reparos-hidraulicos","7":"first","8":"instock","9":"shipping-taxable","10":"product-type-simple"},"_links":{"self":[{"href":"https:\/\/www.multicasa.com.br\/inicio\/wp-json\/wp\/v2\/product\/40400","targetHints":{"allow":["GET"]}}],"collection":[{"href":"https:\/\/www.multicasa.com.br\/inicio\/wp-json\/wp\/v2\/product"}],"about":[{"href":"https:\/\/www.multicasa.com.br\/inicio\/wp-json\/wp\/v2\/types\/product"}],"wp:attachment":[{"href":"https:\/\/www.multicasa.com.br\/inicio\/wp-json\/wp\/v2\/media?parent=40400"}],"wp:term":[{"taxonomy":"product_brand","embeddable":true,"href":"https:\/\/www.multicasa.com.br\/inicio\/wp-json\/wp\/v2\/product_brand?post=40400"},{"taxonomy":"product_cat","embeddable":true,"href":"https:\/\/www.multicasa.com.br\/inicio\/wp-json\/wp\/v2\/product_cat?post=40400"},{"taxonomy":"product_tag","embeddable":true,"href":"https:\/\/www.multicasa.com.br\/inicio\/wp-json\/wp\/v2\/product_tag?post=40400"}],"curies":[{"name":"wp","href":"https:\/\/api.w.org\/{rel}","templated":true}]}}