{"id":6346,"date":"2025-03-01T15:39:15","date_gmt":"2025-03-01T18:39:15","guid":{"rendered":"https:\/\/www.multicasa.com.br\/inicio\/produto\/lampada-led-bolinha-4w-bivolt-3-0k-philips\/"},"modified":"2026-03-20T16:00:32","modified_gmt":"2026-03-20T20:00:32","slug":"lampada-led-bolinha-4w-bivolt-3-0k-philips","status":"publish","type":"product","link":"https:\/\/www.multicasa.com.br\/inicio\/produto\/lampada-led-bolinha-4w-bivolt-3-0k-philips\/","title":{"rendered":"L\u00e2mpada Led Bolinha 4W 127V 3.0K Philips"},"content":{"rendered":"<p><span style=\"font-family: Lato, sans-serif;font-size: 14px;font-style: normal;font-weight: 450;letter-spacing: normal;text-align: start;text-indent: 0px;text-transform: none;float: none\">A l\u00e2mpada LED bolinha da Philips oferece uma luz aconchegante que \u00e9 ideal para instala\u00e7\u00e3o em v\u00e1rios tipos de situa\u00e7\u00f5es e ambientes. Inclusive, se voc\u00ea deseja ter c\u00f4modos bem iluminados, a l\u00e2mpada de LED \u00e9 o modelo ideal, pois al\u00e9m de ser mais moderna, ela dura muito mais e \u00e9 econ\u00f4mica, garantindo uma ilumina\u00e7\u00e3o confort\u00e1vel em qualquer parte da casa. \u00c9 indicada para soquete E27 e por ter um design elegante, esta l\u00e2mpada \u00e9 a substituta perfeita para as suas l\u00e2mpadas incandescentes.<\/span><\/p>\n","protected":false},"excerpt":{"rendered":"<h4 style=\"margin: 0px;padding: 0px 0px 16px;font-family: Lato, sans-serif;font-weight: bold;line-height: 3rem;color: var(--dark-grey3);font-size: 22px;font-style: normal;letter-spacing: normal;text-align: start;text-indent: 0px;text-transform: none\">Informa\u00e7\u00f5es t\u00e9cnicas<\/h4>\n<p><span style=\"margin: 0px;padding: 0px;font-weight: 450;font-size: 14px;line-height: 21px;color: var(--dark-grey2);font-family: Lato, sans-serif;font-style: normal;letter-spacing: normal;text-align: start;text-indent: 0px;text-transform: none\">Produto: L\u00c2MPADA LED BOLINHA 4W BIVOLT 3.0K<br style=\"margin: 0px;padding: 0px\">Marca: PHILIPS<br style=\"margin: 0px;padding: 0px\">Cor: branca &#8211; Pot\u00eancia: 4,5w; &#8211; Fluxo Luminoso: 350Lm; &#8211; Tens\u00e3o: BIVOLT 100V-240V; &#8211; Amarela 3000K; &#8211; Base: E27; &#8211; Dimerizavel: N\u00e3o; &#8211; Vida \u00datil: 15.000 horas; &#8211; Uso INTERNO; &#8211; 05 anos (3 meses de garantia legal e mais 57 meses de garantia especial concedida pelo fabricante).<\/span><\/p>\n<p><br data-mce-bogus=\"1\"><\/p>\n","protected":false},"featured_media":6345,"template":"","meta":{"_joinchat":[]},"product_brand":[],"product_cat":[24,59,61,63],"product_tag":[],"class_list":{"0":"post-6346","1":"product","2":"type-product","3":"status-publish","4":"has-post-thumbnail","6":"product_cat-eletrica","7":"product_cat-hidraulica","8":"product_cat-iluminacao","9":"product_cat-utilidades-do-lar","11":"first","12":"instock","13":"sold-individually","14":"shipping-taxable","15":"purchasable","16":"product-type-simple"},"_links":{"self":[{"href":"https:\/\/www.multicasa.com.br\/inicio\/wp-json\/wp\/v2\/product\/6346","targetHints":{"allow":["GET"]}}],"collection":[{"href":"https:\/\/www.multicasa.com.br\/inicio\/wp-json\/wp\/v2\/product"}],"about":[{"href":"https:\/\/www.multicasa.com.br\/inicio\/wp-json\/wp\/v2\/types\/product"}],"wp:featuredmedia":[{"embeddable":true,"href":"https:\/\/www.multicasa.com.br\/inicio\/wp-json\/wp\/v2\/media\/6345"}],"wp:attachment":[{"href":"https:\/\/www.multicasa.com.br\/inicio\/wp-json\/wp\/v2\/media?parent=6346"}],"wp:term":[{"taxonomy":"product_brand","embeddable":true,"href":"https:\/\/www.multicasa.com.br\/inicio\/wp-json\/wp\/v2\/product_brand?post=6346"},{"taxonomy":"product_cat","embeddable":true,"href":"https:\/\/www.multicasa.com.br\/inicio\/wp-json\/wp\/v2\/product_cat?post=6346"},{"taxonomy":"product_tag","embeddable":true,"href":"https:\/\/www.multicasa.com.br\/inicio\/wp-json\/wp\/v2\/product_tag?post=6346"}],"curies":[{"name":"wp","href":"https:\/\/api.w.org\/{rel}","templated":true}]}}