{"id":7359,"date":"2025-06-20T17:22:13","date_gmt":"2025-06-20T21:22:13","guid":{"rendered":"https:\/\/www.multicasa.com.br\/inicio\/?post_type=product&#038;p=7359"},"modified":"2025-12-16T19:39:42","modified_gmt":"2025-12-16T23:39:42","slug":"gelo-de-plastico-reutilizavel-incolor-gelo-absoluto-avulso","status":"publish","type":"product","link":"https:\/\/www.multicasa.com.br\/inicio\/produto\/gelo-de-plastico-reutilizavel-incolor-gelo-absoluto-avulso\/","title":{"rendered":"Gelo de Pl\u00e1stico Reutiliz\u00e1vel Incolor Gelo Absoluto Avulso"},"content":{"rendered":"<p>O Gelo reutiliz\u00e1vel de Pl\u00e1stico Incolor da Gelo Absoluto \u00e9 feito com pel\u00edcula especial de silicone e pl\u00e1stico que envolve a \u00e1gua filtrada. Sua tecnologia conquistou o pr\u00eamio Ouro Azul como produto ecologicamente correto, j\u00e1 que possibilita a economia de \u00e1gua pot\u00e1vel. Gela rapidamente sem alterar o sabor da sua bebida e a consist\u00eancia permanece a mesma. At\u00f3xico, pr\u00e1tico e econ\u00f4mico, basta lavar depois do uso e devolver ao freezer. Mais praticidade e economia para a sua cozinha.<\/p>\n","protected":false},"excerpt":{"rendered":"<h4 style=\"margin: 0px;padding: 0px 0px 16px;font-family: Lato, sans-serif;font-weight: bold;line-height: 3rem;color: var(--dark-grey3);font-size: 22px;font-style: normal;letter-spacing: normal;text-align: start;text-indent: 0px;text-transform: none\">Informa\u00e7\u00f5es t\u00e9cnicas<\/h4>\n<p><span style=\"margin: 0px;padding: 0px;font-weight: 450;font-size: 14px;line-height: 21px;color: var(--dark-grey2);font-family: Lato, sans-serif;font-style: normal;letter-spacing: normal;text-align: start;text-indent: 0px;text-transform: none\">Produto: Gelo Reutiliz\u00e1vel<br \/>\nMarca: Gelo Absoluto<br \/>\nMaterial: Pl\u00e1stico e silicone<br \/>\nCor: Incolor<br \/>\nCaracter\u00edstica: At\u00f3xico<br \/>\nItens Inclusos: 1 gelo reutiliz\u00e1vel<br \/>\nDi\u00e2metro do produto: 4,5cm<\/span><\/p>\n","protected":false},"featured_media":7388,"template":"","meta":{"_joinchat":[]},"product_brand":[],"product_cat":[93],"product_tag":[],"class_list":{"0":"post-7359","1":"product","2":"type-product","3":"status-publish","4":"has-post-thumbnail","6":"product_cat-utensilios-para-cozinha","8":"first","9":"outofstock","10":"shipping-taxable","11":"product-type-simple"},"_links":{"self":[{"href":"https:\/\/www.multicasa.com.br\/inicio\/wp-json\/wp\/v2\/product\/7359","targetHints":{"allow":["GET"]}}],"collection":[{"href":"https:\/\/www.multicasa.com.br\/inicio\/wp-json\/wp\/v2\/product"}],"about":[{"href":"https:\/\/www.multicasa.com.br\/inicio\/wp-json\/wp\/v2\/types\/product"}],"wp:featuredmedia":[{"embeddable":true,"href":"https:\/\/www.multicasa.com.br\/inicio\/wp-json\/wp\/v2\/media\/7388"}],"wp:attachment":[{"href":"https:\/\/www.multicasa.com.br\/inicio\/wp-json\/wp\/v2\/media?parent=7359"}],"wp:term":[{"taxonomy":"product_brand","embeddable":true,"href":"https:\/\/www.multicasa.com.br\/inicio\/wp-json\/wp\/v2\/product_brand?post=7359"},{"taxonomy":"product_cat","embeddable":true,"href":"https:\/\/www.multicasa.com.br\/inicio\/wp-json\/wp\/v2\/product_cat?post=7359"},{"taxonomy":"product_tag","embeddable":true,"href":"https:\/\/www.multicasa.com.br\/inicio\/wp-json\/wp\/v2\/product_tag?post=7359"}],"curies":[{"name":"wp","href":"https:\/\/api.w.org\/{rel}","templated":true}]}}